{"id":2514,"date":"2026-01-27T14:34:21","date_gmt":"2026-01-27T13:34:21","guid":{"rendered":"https:\/\/lynxtech-prod.mrmilu.com\/?page_id=2514"},"modified":"2026-03-02T09:49:35","modified_gmt":"2026-03-02T08:49:35","slug":"politica-de-privacidad","status":"publish","type":"page","link":"https:\/\/lynxtech.com\/es\/politica-de-privacidad\/","title":{"rendered":"Pol\u00edtica de privacidad"},"content":{"rendered":"\n<h2 class=\"wp-block-heading\">Pol\u00edtica de Protecci\u00f3n de Datos Personales<\/h2>\n\n\n\n<h4 class=\"wp-block-heading\">Responsable del Tratamiento de Datos:<\/h4>\n\n\n\n<h4 class=\"wp-block-heading\">&#8211;&nbsp;&nbsp;&nbsp;&nbsp;&nbsp;&nbsp;&nbsp; Identidad: Lynx Financial Crime Tech, S.A.<\/h4>\n\n\n\n<h4 class=\"wp-block-heading\">&#8211;&nbsp;&nbsp;&nbsp;&nbsp;&nbsp;&nbsp;&nbsp; Domicilio Social: Avda. de Cantabria, s\/n , 28660 Boadilla del Monte, Madrid<\/h4>\n\n\n\n<h4 class=\"wp-block-heading\">&#8211;&nbsp;&nbsp;&nbsp;&nbsp;&nbsp;&nbsp;&nbsp; Contacto del delegado de protecci\u00f3n de datos:&nbsp;<a href=\"mailto:privacy@lynxfctech.com\">privacy@lynxtech.com<\/a><\/h4>\n\n\n\n<h4 class=\"wp-block-heading\">&#8211;&nbsp;&nbsp;&nbsp;&nbsp;&nbsp;&nbsp;&nbsp; Finalidad y legitimaci\u00f3n:&nbsp;Tus datos personales se tratar\u00e1n para gestionar los servicios espec\u00edficos que solicites o para cumplir con obligaciones legales. La base legal del tratamiento ser\u00e1 tu consentimiento, que podr\u00e1s revocar en cualquier momento.<\/h4>\n\n\n\n<h4 class=\"wp-block-heading\">&#8211;&nbsp;&nbsp;&nbsp;&nbsp;&nbsp;&nbsp;&nbsp; Destinatarios:&nbsp;Tus datos no ser\u00e1n comunicados a terceros.<\/h4>\n\n\n\n<h4 class=\"wp-block-heading\">&#8211;&nbsp;&nbsp;&nbsp;&nbsp;&nbsp;&nbsp;&nbsp; Derechos:&nbsp;puedes ejercer en cualquier momento tus derechos de oposici\u00f3n, acceso, portabilidad, rectificaci\u00f3n, limitaci\u00f3n y supresi\u00f3n de tus datos.<\/h4>\n\n\n\n<h4 class=\"wp-block-heading\">&#8211;&nbsp;&nbsp;&nbsp;&nbsp;&nbsp;&nbsp;&nbsp; Informaci\u00f3n adicional:&nbsp;consulte a continuaci\u00f3n para obtener m\u00e1s detalles sobre la informaci\u00f3n contenida en esta tabla.<\/h4>\n\n\n\n<p><strong>Informaci\u00f3n Adicional sobre Protecci\u00f3n de Datos Personales<\/strong><\/p>\n\n\n\n<p>&nbsp;Lynx Financial Crime Tech, S.A. (en adelante, \u201cLFCT\u201d) cumple \u00edntegramente con la normativa en materia de protecci\u00f3n de datos personales y, en particular, con el REGLAMENTO (UE) 2016\/679 DEL PARLAMENTO EUROPEO Y DEL CONSEJO, de 27 de abril de 2016, relativo a la protecci\u00f3n de las personas f\u00edsicas en lo que respecta al tratamiento de datos personales y a la libre circulaci\u00f3n de estos datos, por el que se deroga la Directiva 95\/46\/CE (en adelante, el \u201c<strong>Reglamento General de Protecci\u00f3n de Datos<\/strong>\u201d o \u201c<strong>RGPD<\/strong>\u201d), en la medida en que los datos personales facilitados por el interesado al solicitar un determinado servicio, y respecto de los cuales recibimos dicha informaci\u00f3n a trav\u00e9s del sitio web&nbsp;<a href=\"https:\/\/lynxtech.com\/es\/\">www.lynxtech.com<\/a>&nbsp;(en adelante, el \u201c<strong>Sitio Web<\/strong>\u201d), ser\u00e1n tratados en cumplimiento de las garant\u00edas y obligaciones legalmente exigibles.<\/p>\n\n\n\n<p>De conformidad con la normativa vigente, LFCT ha implementado medidas t\u00e9cnicas y organizativas apropiadas para garantizar un nivel de seguridad adecuado y evitar la p\u00e9rdida, uso indebido, alteraci\u00f3n, acceso no autorizado y robo de los datos facilitados por el interesado. Asimismo, LFCT declara cumplir con el deber de guardar secreto y confidencialidad respecto de los datos personales aportados por el interesado a trav\u00e9s del presente Sitio Web.&nbsp;\u202f<\/p>\n\n\n\n<p>La comunicaci\u00f3n de datos personales ser\u00e1, en todo caso, necesaria para poder prestar el servicio solicitado.<\/p>\n\n\n\n<p><strong>\u00bfQui\u00e9n es el Responsable del Tratamiento?<\/strong><\/p>\n\n\n\n<p>Los datos del responsable del tratamiento son los siguientes:<\/p>\n\n\n\n<ul class=\"wp-block-list\">\n<li><strong>Entidad:<\/strong>\u00a0Lynx Financial Crime Tech, S.A., con CIF: A-10971489<\/li>\n\n\n\n<li><strong>Contacto del delegado de protecci\u00f3n de datos :<\/strong>\u00a0privacy@lynxtech.com\u202f<\/li>\n<\/ul>\n\n\n\n<p><strong>\u00bfQui\u00e9n es y c\u00f3mo contactar con el Delegado de Protecci\u00f3n de Datos?<\/strong><\/p>\n\n\n\n<h4 class=\"wp-block-heading\">El Delegado de Protecci\u00f3n de Datos vela por el cumplimiento del RGPD y la protecci\u00f3n de tus datos personales.<\/h4>\n\n\n\n<h4 class=\"wp-block-heading\">Puedes contactar con \u00e9l escribiendo a:&nbsp;<a href=\"mailto:privacy@lynxtech.com\">privacy@lynxtech.com<\/a><\/h4>\n\n\n\n<p><strong>\u00bfCon qu\u00e9 finalidad y en base a qu\u00e9 legitimaci\u00f3n tratamos tus datos?<\/strong><\/p>\n\n\n\n<h4 class=\"wp-block-heading\">&#8211;&nbsp;&nbsp;&nbsp;&nbsp;&nbsp;&nbsp;&nbsp; Atender las consultas enviadas por los usuarios a trav\u00e9s del formulario de contacto de la p\u00e1gina \u201cCont\u00e1ctanos\u201d. Este tratamiento se considera leg\u00edtimo en base al consentimiento otorgado por el usuario, en su calidad de interesado, al completar dicho formulario.<\/h4>\n\n\n\n<h4 class=\"wp-block-heading\">&#8211;&nbsp;&nbsp;&nbsp;&nbsp;&nbsp;&nbsp;&nbsp; Gestionar los procesos de selecci\u00f3n iniciados por LFCT conforme a sus necesidades de contrataci\u00f3n, lo que implicar\u00e1 el uso de los datos de contacto del candidato (nombre, apellidos, correo electr\u00f3nico y n\u00famero de tel\u00e9fono). Este tratamiento ser\u00e1 leg\u00edtimo en virtud del consentimiento otorgado por el candidato al enviar su curr\u00edculum para participar en el proceso de selecci\u00f3n.<\/h4>\n\n\n\n<h4 class=\"wp-block-heading\">&#8211;&nbsp;&nbsp;&nbsp;&nbsp;&nbsp;&nbsp;&nbsp; Autorizar y gestionar el acceso f\u00edsico a las instalaciones de LFCT como respuesta a solicitudes de visita realizadas por los interesados en calidad de usuarios. Este tratamiento est\u00e1 legitimado por el consentimiento otorgado por el interesado al solicitar el acceso.<\/h4>\n\n\n\n<h4 class=\"wp-block-heading\">&#8211;&nbsp;&nbsp;&nbsp;&nbsp;&nbsp;&nbsp;&nbsp; Cumplir con obligaciones legales aplicables.<\/h4>\n\n\n\n<p><strong>\u00bfDurante cu\u00e1nto tiempo conservamos tus datos?<\/strong><\/p>\n\n\n\n<p>Los datos se conservar\u00e1n durante el tiempo necesario para la prestaci\u00f3n del servicio solicitado. Posteriormente, se mantendr\u00e1n bloqueados durante el plazo necesario para atender posibles reclamaciones.<\/p>\n\n\n\n<p><strong>\u00bfSe comunicar\u00e1n tus datos a terceros?<\/strong><\/p>\n\n\n\n<p>Se informa expresamente a los interesados que sus datos personales no ser\u00e1n comunicados a terceros, ni ser\u00e1n objeto de transferencias a pa\u00edses terceros ni a organizaciones internacionales.<\/p>\n\n\n\n<p><strong>\u00bfCu\u00e1les son tus derechos?<\/strong><\/p>\n\n\n\n<p>Los interesados podr\u00e1n ejercer en cualquier momento sus derechos de protecci\u00f3n de datos, concretamente los derechos de acceso, rectificaci\u00f3n, supresi\u00f3n, limitaci\u00f3n del tratamiento, oposici\u00f3n, portabilidad y a no ser objeto de decisiones individuales automatizadas, mediante solicitud enviada al siguiente correo electr\u00f3nico:&nbsp;<a href=\"mailto:privacy@lynxfctech.com\">privacy@lynxtech.com<\/a>.<\/p>\n\n\n\n<p>Sin perjuicio de cualquier otro recurso administrativo, acci\u00f3n legal o judicial adicional, los interesados podr\u00e1n, en todo caso, presentar una reclamaci\u00f3n ante la Agencia Espa\u00f1ola de Protecci\u00f3n de Datos a trav\u00e9s de la p\u00e1gina web de la Agencia (<a href=\"https:\/\/www.aepd.es\/\" rel=\\\"noopener\\\" target=\\\"_blank\\\">www.aepd.es<\/a>), especialmente si no han quedado plenamente satisfechos en el ejercicio de sus derechos en esta materia.<\/p>\n","protected":false},"excerpt":{"rendered":"<p>Pol\u00edtica de Protecci\u00f3n de Datos Personales Responsable del Tratamiento de Datos: &#8211;&nbsp;&nbsp;&nbsp;&nbsp;&nbsp;&nbsp;&nbsp; Identidad: Lynx Financial Crime Tech, S.A. &#8211;&nbsp;&nbsp;&nbsp;&nbsp;&nbsp;&nbsp;&nbsp; Domicilio Social: Avda. de Cantabria, s\/n , 28660 Boadilla del Monte, Madrid &#8211;&nbsp;&nbsp;&nbsp;&nbsp;&nbsp;&nbsp;&nbsp; Contacto del delegado de protecci\u00f3n de datos:&nbsp;privacy@lynxtech.com &#8211;&nbsp;&nbsp;&nbsp;&nbsp;&nbsp;&nbsp;&nbsp; Finalidad y legitimaci\u00f3n:&nbsp;Tus datos personales se tratar\u00e1n para gestionar los servicios espec\u00edficos que solicites o [&hellip;]<\/p>\n","protected":false},"author":1,"featured_media":0,"parent":0,"menu_order":0,"comment_status":"closed","ping_status":"closed","template":"","meta":{"_acf_changed":false,"_uag_custom_page_level_css":"","footnotes":""},"class_list":["post-2514","page","type-page","status-publish","hentry"],"acf":[],"yoast_head":"<!-- This site is optimized with the Yoast SEO plugin v27.3 - https:\/\/yoast.com\/product\/yoast-seo-wordpress\/ -->\n<title>Pol\u00edtica de Privacidad | Lynx<\/title>\n<meta name=\"description\" content=\"Conoce c\u00f3mo Lynx recoge, trata y protege tus datos personales. Consulta nuestra pol\u00edtica de privacidad y tus derechos como usuario.\" \/>\n<meta name=\"robots\" content=\"index, follow, max-snippet:-1, max-image-preview:large, max-video-preview:-1\" \/>\n<link rel=\"canonical\" href=\"https:\/\/lynxtech.com\/es\/politica-de-privacidad\/\" \/>\n<meta property=\"og:locale\" content=\"es_ES\" \/>\n<meta property=\"og:type\" content=\"article\" \/>\n<meta property=\"og:title\" content=\"Pol\u00edtica de Privacidad | Lynx\" \/>\n<meta property=\"og:description\" content=\"Conoce c\u00f3mo Lynx recoge, trata y protege tus datos personales. Consulta nuestra pol\u00edtica de privacidad y tus derechos como usuario.\" \/>\n<meta property=\"og:url\" content=\"https:\/\/lynxtech.com\/es\/politica-de-privacidad\/\" \/>\n<meta property=\"og:site_name\" content=\"Lynxtech\" \/>\n<meta property=\"article:modified_time\" content=\"2026-03-02T08:49:35+00:00\" \/>\n<meta name=\"twitter:card\" content=\"summary_large_image\" \/>\n<meta name=\"twitter:label1\" content=\"Tiempo de lectura\" \/>\n\t<meta name=\"twitter:data1\" content=\"4 minutos\" \/>\n<script type=\"application\/ld+json\" class=\"yoast-schema-graph\">{\"@context\":\"https:\\\/\\\/schema.org\",\"@graph\":[{\"@type\":\"WebPage\",\"@id\":\"https:\\\/\\\/lynxtech.com\\\/es\\\/politica-de-privacidad\\\/\",\"url\":\"https:\\\/\\\/lynxtech.com\\\/es\\\/politica-de-privacidad\\\/\",\"name\":\"Pol\u00edtica de Privacidad | Lynx\",\"isPartOf\":{\"@id\":\"\\\/#website\"},\"datePublished\":\"2026-01-27T13:34:21+00:00\",\"dateModified\":\"2026-03-02T08:49:35+00:00\",\"description\":\"Conoce c\u00f3mo Lynx recoge, trata y protege tus datos personales. Consulta nuestra pol\u00edtica de privacidad y tus derechos como usuario.\",\"breadcrumb\":{\"@id\":\"https:\\\/\\\/lynxtech.com\\\/es\\\/politica-de-privacidad\\\/#breadcrumb\"},\"inLanguage\":\"es\",\"potentialAction\":[{\"@type\":\"ReadAction\",\"target\":[\"https:\\\/\\\/lynxtech.com\\\/es\\\/politica-de-privacidad\\\/\"]}]},{\"@type\":\"BreadcrumbList\",\"@id\":\"https:\\\/\\\/lynxtech.com\\\/es\\\/politica-de-privacidad\\\/#breadcrumb\",\"itemListElement\":[{\"@type\":\"ListItem\",\"position\":1,\"name\":\"Home\",\"item\":\"https:\\\/\\\/lynxtech.com\\\/es\\\/\"},{\"@type\":\"ListItem\",\"position\":2,\"name\":\"Pol\u00edtica de privacidad\"}]},{\"@type\":\"WebSite\",\"@id\":\"\\\/#website\",\"url\":\"\\\/\",\"name\":\"Lynxtech\",\"description\":\"\",\"publisher\":{\"@id\":\"\\\/#organization\"},\"potentialAction\":[{\"@type\":\"SearchAction\",\"target\":{\"@type\":\"EntryPoint\",\"urlTemplate\":\"\\\/?s={search_term_string}\"},\"query-input\":{\"@type\":\"PropertyValueSpecification\",\"valueRequired\":true,\"valueName\":\"search_term_string\"}}],\"inLanguage\":\"es\"},{\"@type\":\"Organization\",\"@id\":\"\\\/#organization\",\"name\":\"Lynx\",\"url\":\"\\\/\",\"logo\":{\"@type\":\"ImageObject\",\"inLanguage\":\"es\",\"@id\":\"\\\/#\\\/schema\\\/logo\\\/image\\\/\",\"url\":\"https:\\\/\\\/lynxtech.com\\\/wp-content\\\/uploads\\\/2026\\\/01\\\/logo-lynxtech-black-header.svg\",\"contentUrl\":\"https:\\\/\\\/lynxtech.com\\\/wp-content\\\/uploads\\\/2026\\\/01\\\/logo-lynxtech-black-header.svg\",\"width\":1,\"height\":1,\"caption\":\"Lynx\"},\"image\":{\"@id\":\"\\\/#\\\/schema\\\/logo\\\/image\\\/\"}}]}<\/script>\n<!-- \/ Yoast SEO plugin. -->","yoast_head_json":{"title":"Pol\u00edtica de Privacidad | Lynx","description":"Conoce c\u00f3mo Lynx recoge, trata y protege tus datos personales. Consulta nuestra pol\u00edtica de privacidad y tus derechos como usuario.","robots":{"index":"index","follow":"follow","max-snippet":"max-snippet:-1","max-image-preview":"max-image-preview:large","max-video-preview":"max-video-preview:-1"},"canonical":"https:\/\/lynxtech.com\/es\/politica-de-privacidad\/","og_locale":"es_ES","og_type":"article","og_title":"Pol\u00edtica de Privacidad | Lynx","og_description":"Conoce c\u00f3mo Lynx recoge, trata y protege tus datos personales. Consulta nuestra pol\u00edtica de privacidad y tus derechos como usuario.","og_url":"https:\/\/lynxtech.com\/es\/politica-de-privacidad\/","og_site_name":"Lynxtech","article_modified_time":"2026-03-02T08:49:35+00:00","twitter_card":"summary_large_image","twitter_misc":{"Tiempo de lectura":"4 minutos"},"schema":{"@context":"https:\/\/schema.org","@graph":[{"@type":"WebPage","@id":"https:\/\/lynxtech.com\/es\/politica-de-privacidad\/","url":"https:\/\/lynxtech.com\/es\/politica-de-privacidad\/","name":"Pol\u00edtica de Privacidad | Lynx","isPartOf":{"@id":"\/#website"},"datePublished":"2026-01-27T13:34:21+00:00","dateModified":"2026-03-02T08:49:35+00:00","description":"Conoce c\u00f3mo Lynx recoge, trata y protege tus datos personales. Consulta nuestra pol\u00edtica de privacidad y tus derechos como usuario.","breadcrumb":{"@id":"https:\/\/lynxtech.com\/es\/politica-de-privacidad\/#breadcrumb"},"inLanguage":"es","potentialAction":[{"@type":"ReadAction","target":["https:\/\/lynxtech.com\/es\/politica-de-privacidad\/"]}]},{"@type":"BreadcrumbList","@id":"https:\/\/lynxtech.com\/es\/politica-de-privacidad\/#breadcrumb","itemListElement":[{"@type":"ListItem","position":1,"name":"Home","item":"https:\/\/lynxtech.com\/es\/"},{"@type":"ListItem","position":2,"name":"Pol\u00edtica de privacidad"}]},{"@type":"WebSite","@id":"\/#website","url":"\/","name":"Lynxtech","description":"","publisher":{"@id":"\/#organization"},"potentialAction":[{"@type":"SearchAction","target":{"@type":"EntryPoint","urlTemplate":"\/?s={search_term_string}"},"query-input":{"@type":"PropertyValueSpecification","valueRequired":true,"valueName":"search_term_string"}}],"inLanguage":"es"},{"@type":"Organization","@id":"\/#organization","name":"Lynx","url":"\/","logo":{"@type":"ImageObject","inLanguage":"es","@id":"\/#\/schema\/logo\/image\/","url":"https:\/\/lynxtech.com\/wp-content\/uploads\/2026\/01\/logo-lynxtech-black-header.svg","contentUrl":"https:\/\/lynxtech.com\/wp-content\/uploads\/2026\/01\/logo-lynxtech-black-header.svg","width":1,"height":1,"caption":"Lynx"},"image":{"@id":"\/#\/schema\/logo\/image\/"}}]}},"spectra_custom_meta":{"_edit_lock":["1776173248:16"],"_wpml_word_count":["957"],"_edit_last":["16"],"_lynx_hide_title":["0"],"_wp_page_template":["default"],"_last_translation_edit_mode":["native-editor"],"_yoast_wpseo_content_score":["60"],"_yoast_wpseo_estimated-reading-time-minutes":["4"],"_yoast_wpseo_title":["Pol\u00edtica de Privacidad | Lynx"],"_yoast_wpseo_metadesc":["Conoce c\u00f3mo Lynx recoge, trata y protege tus datos personales. Consulta nuestra pol\u00edtica de privacidad y tus derechos como usuario."],"_uag_css_file_name":["uag-css-2514.css"],"_uag_page_assets":["a:9:{s:3:\"css\";s:263:\".uag-blocks-common-selector{z-index:var(--z-index-desktop) !important}@media (max-width: 976px){.uag-blocks-common-selector{z-index:var(--z-index-tablet) !important}}@media (max-width: 767px){.uag-blocks-common-selector{z-index:var(--z-index-mobile) !important}}\n\";s:2:\"js\";s:0:\"\";s:18:\"current_block_list\";a:4:{i:0;s:12:\"core\/heading\";i:1;s:14:\"core\/paragraph\";i:2;s:9:\"core\/list\";i:3;s:14:\"core\/list-item\";}s:8:\"uag_flag\";b:0;s:11:\"uag_version\";s:10:\"1776215575\";s:6:\"gfonts\";a:0:{}s:10:\"gfonts_url\";s:0:\"\";s:12:\"gfonts_files\";a:0:{}s:14:\"uag_faq_layout\";b:0;}"]},"uagb_featured_image_src":{"full":false,"thumbnail":false,"medium":false,"medium_large":false,"large":false,"1536x1536":false,"2048x2048":false},"uagb_author_info":{"display_name":"davidsanchez","author_link":"https:\/\/lynxtech.com\/es\/resources\/author\/davidsanchez\/"},"uagb_comment_info":0,"uagb_excerpt":"Pol\u00edtica de Protecci\u00f3n de Datos Personales Responsable del Tratamiento de Datos: &#8211;&nbsp;&nbsp;&nbsp;&nbsp;&nbsp;&nbsp;&nbsp; Identidad: Lynx Financial Crime Tech, S.A. &#8211;&nbsp;&nbsp;&nbsp;&nbsp;&nbsp;&nbsp;&nbsp; Domicilio Social: Avda. de Cantabria, s\/n , 28660 Boadilla del Monte, Madrid &#8211;&nbsp;&nbsp;&nbsp;&nbsp;&nbsp;&nbsp;&nbsp; Contacto del delegado de protecci\u00f3n de datos:&nbsp;privacy@lynxtech.com &#8211;&nbsp;&nbsp;&nbsp;&nbsp;&nbsp;&nbsp;&nbsp; Finalidad y legitimaci\u00f3n:&nbsp;Tus datos personales se tratar\u00e1n para gestionar los servicios espec\u00edficos que solicites o&hellip;","_links":{"self":[{"href":"https:\/\/lynxtech.com\/es\/wp-json\/wp\/v2\/pages\/2514","targetHints":{"allow":["GET"]}}],"collection":[{"href":"https:\/\/lynxtech.com\/es\/wp-json\/wp\/v2\/pages"}],"about":[{"href":"https:\/\/lynxtech.com\/es\/wp-json\/wp\/v2\/types\/page"}],"author":[{"embeddable":true,"href":"https:\/\/lynxtech.com\/es\/wp-json\/wp\/v2\/users\/1"}],"replies":[{"embeddable":true,"href":"https:\/\/lynxtech.com\/es\/wp-json\/wp\/v2\/comments?post=2514"}],"version-history":[{"count":1,"href":"https:\/\/lynxtech.com\/es\/wp-json\/wp\/v2\/pages\/2514\/revisions"}],"predecessor-version":[{"id":2515,"href":"https:\/\/lynxtech.com\/es\/wp-json\/wp\/v2\/pages\/2514\/revisions\/2515"}],"wp:attachment":[{"href":"https:\/\/lynxtech.com\/es\/wp-json\/wp\/v2\/media?parent=2514"}],"curies":[{"name":"wp","href":"https:\/\/api.w.org\/{rel}","templated":true}]}}