{"id":2350,"date":"2026-02-11T16:50:52","date_gmt":"2026-02-11T15:50:52","guid":{"rendered":"https:\/\/lynxtech-prod.mrmilu.com\/cybersecurity-policy\/"},"modified":"2026-04-14T15:29:13","modified_gmt":"2026-04-14T13:29:13","slug":"cybersecurity-policy","status":"publish","type":"page","link":"https:\/\/lynxtech.com\/pt-br\/cybersecurity-policy\/","title":{"rendered":"Pol\u00edtica de Seguran\u00e7a Cibern\u00e9tica (Ciberseguran\u00e7a)"},"content":{"rendered":"\n<h2 class=\"wp-block-heading\">Pol\u00edtica de Seguran\u00e7a da Informa\u00e7\u00e3o<\/h2>\n\n\n\n<ol class=\"wp-block-list\">\n<li><strong>OBJETIVO<\/strong><\/li>\n<\/ol>\n\n\n\n<p>O objetivo desta pol\u00edtica \u00e9 estabelecer as diretrizes gerais e o compromisso da Lynx com a gest\u00e3o dos riscos de seguran\u00e7a da informa\u00e7\u00e3o e ciberseguran\u00e7a. Esta pol\u00edtica constitui o quadro de refer\u00eancia para o Sistema de Gest\u00e3o da Seguran\u00e7a da Informa\u00e7\u00e3o (SGSI ou, em Ingl\u00eas, Information Security Management System \u2013 ISMS), baseado na norma ISO 27001, que existe na Lynx Financial Crime Tech. Al\u00e9m disso, a gest\u00e3o e implementa\u00e7\u00e3o das medidas de seguran\u00e7a baseiam-se no cumprimento das pol\u00edticas de seguran\u00e7a do grupo empresarial Lynx.<\/p>\n\n\n\n<ol start=\"2\" class=\"wp-block-list\">\n<li><strong>DETALHES<\/strong><\/li>\n<\/ol>\n\n\n\n<p>A Pol\u00edtica de Seguran\u00e7a da Informa\u00e7\u00e3o da Lynx Financial Crime Tech (doravante \u201cLynx\u201d ou \u201ca empresa\u201d) estabelece os princ\u00edpios que a empresa segue para garantir a confidencialidade, integridade e disponibilidade da informa\u00e7\u00e3o, garantindo simultaneamente as obriga\u00e7\u00f5es legais em mat\u00e9ria de ciberseguran\u00e7a e alinhando os controlos com o cumprimento dos objetivos e da estrat\u00e9gia da empresa em mat\u00e9ria de ciberseguran\u00e7a.<\/p>\n\n\n\n<p>A Lynx est\u00e1 ciente da import\u00e2ncia da seguran\u00e7a da informa\u00e7\u00e3o e, por isso, assume os seguintes compromissos em rela\u00e7\u00e3o ao Sistema de Gest\u00e3o da Seguran\u00e7a da Informa\u00e7\u00e3o (SGSI):<\/p>\n\n\n\n<ul class=\"wp-block-list\">\n<li>Garantir que sejam estabelecidos uma estrat\u00e9gia e objetivos de seguran\u00e7a cibern\u00e9tica e seguran\u00e7a da informa\u00e7\u00e3o alinhados com a estrat\u00e9gia da empresa e seus neg\u00f3cios.<\/li>\n\n\n\n<li>Ensure that cybersecurity requirements and procedures are integrated into the company\u2019s processes.<\/li>\n\n\n\n<li>Garantir os recursos necess\u00e1rios para projetar, implementar, manter e melhorar o Sistema de Gest\u00e3o da Seguran\u00e7a da Informa\u00e7\u00e3o.<\/li>\n\n\n\n<li>Comunicar e sensibilizar para a import\u00e2ncia de dispor de mecanismos de gest\u00e3o da ciberseguran\u00e7a, em conformidade com os requisitos do sistema de gest\u00e3o da seguran\u00e7a da informa\u00e7\u00e3o.<\/li>\n\n\n\n<li>Garantir que os processos e o sistema de gest\u00e3o da seguran\u00e7a da informa\u00e7\u00e3o alcancem resultados adequados e eficazes.<\/li>\n\n\n\n<li>Orientar e apoiar equipes e indiv\u00edduos para contribuir com a efic\u00e1cia do Sistema de Gest\u00e3o da Seguran\u00e7a da Informa\u00e7\u00e3o.<\/li>\n\n\n\n<li>Promover a melhoria cont\u00ednua na seguran\u00e7a cibern\u00e9tica.<\/li>\n\n\n\n<li>Apoiar fun\u00e7\u00f5es relevantes de seguran\u00e7a cibern\u00e9tica para demonstrar lideran\u00e7a aplicada \u00e0s suas \u00e1reas de responsabilidade.<\/li>\n<\/ul>\n\n\n\n<p>Para esse fim, a gest\u00e3o garantir\u00e1 que a equipe da Lynx cumpra os regulamentos, pol\u00edticas, normas, procedimentos e diretrizes relacionados \u00e0 seguran\u00e7a da informa\u00e7\u00e3o.<\/p>\n\n\n\n<p>Ao desenvolver seu Sistema de Gest\u00e3o de Seguran\u00e7a da Informa\u00e7\u00e3o, a Lynx visa garantir os seguintes objetivos de seguran\u00e7a:<\/p>\n\n\n\n<ul class=\"wp-block-list\">\n<li>Garantir a confidencialidade, integridade e disponibilidade das informa\u00e7\u00f5es.<\/li>\n\n\n\n<li>Cumprir todos os requisitos legais aplic\u00e1veis relativos \u00e0 seguran\u00e7a cibern\u00e9tica.<\/li>\n\n\n\n<li>Treinar e conscientizar todos os funcion\u00e1rios sobre seguran\u00e7a da informa\u00e7\u00e3o.<\/li>\n\n\n\n<li>Atender \u00e0s expectativas e necessidades de seguran\u00e7a dos clientes, funcion\u00e1rios, fornecedores, reguladores, Conselho de Administra\u00e7\u00e3o e outras partes interessadas.<\/li>\n\n\n\n<li>Gerenciar adequadamente todos os incidentes e ocorr\u00eancias relacionados \u00e0 seguran\u00e7a da informa\u00e7\u00e3o.<\/li>\n\n\n\n<li>Ter um plano de continuidade que permita que os processos e atividades sejam recuperados no menor tempo poss\u00edvel em caso de incidente.<\/li>\n\n\n\n<li>Informe os funcion\u00e1rios sobre suas fun\u00e7\u00f5es e obriga\u00e7\u00f5es de seguran\u00e7a, bem como sobre sua responsabilidade de cumpri-las.<\/li>\n<\/ul>\n\n\n\n<p>Melhorar continuamente o SGSI e, consequentemente, a seguran\u00e7a da informa\u00e7\u00e3o da organiza\u00e7\u00e3o. Para garantir o desempenho correto do Sistema de Gest\u00e3o e o cumprimento dos objetivos e requisitos estabelecidos, foram nomeados um Gestor do SGSI e um Comit\u00ea para garantir o cumprimento das diretrizes estabelecidas por esta pol\u00edtica.<\/p>\n\n\n\n<p><em>Comit\u00ea SGSI (ISMS Comittee) \u2013 Vers\u00e3o 1.0 (Junho 2024)<\/em>&nbsp;<\/p>\n\n\n\n<h2 class=\"wp-block-heading\">Pol\u00edtica de Continuidade dos Neg\u00f3cios<\/h2>\n\n\n\n<ol class=\"wp-block-list\">\n<li><strong>INTRODU\u00c7\u00c3O<\/strong><\/li>\n<\/ol>\n\n\n\n<p>A Lynx, como parte da estrat\u00e9gia definida para o correto desenvolvimento dos neg\u00f3cios, considera que algumas amea\u00e7as podem perturbar nossas opera\u00e7\u00f5es comerciais e a presta\u00e7\u00e3o de nossos servi\u00e7os (como falhas de infraestrutura, ataques cibern\u00e9ticos, desastres naturais, pandemias\u2026). Portanto, est\u00e1 comprometida em comprovar \u00e0s partes interessadas que, em caso de incidente ou cen\u00e1rio de crise, a organiza\u00e7\u00e3o est\u00e1 preparada e possui planos que permitem que as opera\u00e7\u00f5es normais sejam restauradas nos prazos esperados, evitando ou minimizando o impacto que a interrup\u00e7\u00e3o dos servi\u00e7os poderia causar.<\/p>\n\n\n\n<p>Para desenvolver esta pol\u00edtica, a Lynx compromete-se a planejar, estabelecer, implementar, operar, supervisionar, revisar, manter e melhorar um sistema de gest\u00e3o da continuidade do neg\u00f3cio (PCN) baseado na norma UNE-ISO\/IEC 22301:2019, que abrange adequadamente todos os requisitos necess\u00e1rios para garantir que os processos contemplados no escopo sejam gerenciados de acordo com os requisitos contemplados na referida norma.<\/p>\n\n\n\n<ol start=\"2\" class=\"wp-block-list\">\n<li><strong>OBJETIVO<\/strong><\/li>\n<\/ol>\n\n\n\n<p>Estabelecer o quadro geral que garanta o desenvolvimento, implementa\u00e7\u00e3o, revis\u00e3o e melhoria corretos do Sistema de Gest\u00e3o da Continuidade de Neg\u00f3cios (SGCN) implementado na organiza\u00e7\u00e3o, que assegure:<\/p>\n\n\n\n<ul class=\"wp-block-list\">\n<li>A preserva\u00e7\u00e3o e continuidade dos processos e atividades da organiza\u00e7\u00e3o em caso de um incidente disruptivo.<\/li>\n\n\n\n<li>Resposta adequada e oportuna \u00e0 materializa\u00e7\u00e3o de um risco inclu\u00eddo na an\u00e1lise de riscos da organiza\u00e7\u00e3o e vinculado tanto ao cat\u00e1logo de amea\u00e7as atual da organiza\u00e7\u00e3o quanto ao seu cat\u00e1logo de servi\u00e7os internos, que causam um cen\u00e1rio de indisponibilidade de qualquer um dos componentes b\u00e1sicos da atividade da Lynx: pessoas, infraestrutura, tecnologia, informa\u00e7\u00e3o e fornecedores.<\/li>\n\n\n\n<li>A redu\u00e7\u00e3o do impacto de poss\u00edveis cat\u00e1strofes nas atividades comerciais, garantindo que os dados e fun\u00e7\u00f5es essenciais sejam preservados ou, se isso n\u00e3o for poss\u00edvel, que tais dados ou fun\u00e7\u00f5es sejam recuperados, de forma r\u00e1pida e progressiva, at\u00e9 que a normalidade seja restabelecida.<\/li>\n<\/ul>\n\n\n\n<ol start=\"3\" class=\"wp-block-list\">\n<li><strong>\u00c2MBITO<\/strong><\/li>\n<\/ol>\n\n\n\n<p>Esta pol\u00edtica aplica-se a todos os processos e atividades da Lynx e \u00e9 obrigat\u00f3ria para todo o pessoal da organiza\u00e7\u00e3o.<\/p>\n\n\n\n<ol start=\"4\" class=\"wp-block-list\">\n<li><strong>DETALHE<\/strong><\/li>\n<\/ol>\n\n\n\n<p>A pol\u00edtica do Sistema de Gest\u00e3o da Continuidade dos Neg\u00f3cios (BCMS) da Lynx baseia-se nos seguintes princ\u00edpios:<\/p>\n\n\n\n<ul class=\"wp-block-list\">\n<li>A prote\u00e7\u00e3o e a seguran\u00e7a das pessoas s\u00e3o a primeira premissa e o objetivo priorit\u00e1rio, tanto em situa\u00e7\u00f5es normais como em situa\u00e7\u00f5es de crise resultantes de uma cat\u00e1strofe.<\/li>\n\n\n\n<li>A nomea\u00e7\u00e3o de representantes das diferentes \u00e1reas com experi\u00eancia e conhecimentos adequados, para que participem ativamente na prepara\u00e7\u00e3o, implementa\u00e7\u00e3o, revis\u00e3o, teste ene atualiza\u00e7\u00e3o dos Planos de Continuidade de Neg\u00f3cios.A nomea\u00e7\u00e3o de representantes das adiferentes \u00e1reas com experi\u00eancia e conhecimentos adequados, para que participem ativamente na prepara\u00e7\u00e3o, implementa\u00e7\u00e3o, revis\u00e3o, teste e atualiza\u00e7\u00e3o dos Planos de Continuidade de Neg\u00f3cios.<\/li>\n\n\n\n<li>O desenvolvimento e a implementa\u00e7\u00e3o do Plano de Continuidade de Neg\u00f3cios da Lynx, levando em considera\u00e7\u00e3o as \u00e1reas e departamentos internos, fornecedores e servi\u00e7os, e utilizando sistemas, recursos e procedimentos adequados e proporcionais.<\/li>\n\n\n\n<li>O uso das sinergias geradas no desenvolvimento e implementa\u00e7\u00e3o do Plano de Continuidade de Neg\u00f3cios, considerando os meios e recursos comuns dispon\u00edveis para a organiza\u00e7\u00e3o.<\/li>\n\n\n\n<li>A ado\u00e7\u00e3o de medidas razo\u00e1veis para a continuidade operacional dos processos e atividades, com base na criticidade destes estabelecida pela organiza\u00e7\u00e3o.<\/li>\n\n\n\n<li>A inclus\u00e3o de crit\u00e9rios de seguran\u00e7a e confiabilidade que garantam razoavelmente a continuidade dos servi\u00e7os cr\u00edticos prestados por terceiros, em caso de terceiriza\u00e7\u00e3o.<\/li>\n\n\n\n<li>O desenvolvimento, no \u00e2mbito do Plano de Continuidade de Neg\u00f3cios, de procedimentos de comunica\u00e7\u00e3o adequados, tanto internos como externos, que permitam a correta execu\u00e7\u00e3o dos mesmos, bem como o fornecimento atempado de informa\u00e7\u00f5es a todas as partes interessadas.<\/li>\n\n\n\n<li>A comunica\u00e7\u00e3o a todos os funcion\u00e1rios das suas responsabilidades e dos procedimentos que lhes competem, no \u00e2mbito da continuidade das atividades, atrav\u00e9s de a\u00e7\u00f5es de sensibiliza\u00e7\u00e3o e forma\u00e7\u00e3o.<\/li>\n\n\n\n<li>O desenvolvimento de um Sistema de Gest\u00e3o da Continuidade dos Neg\u00f3cios que contemple a realiza\u00e7\u00e3o de revis\u00f5es, testes e atualiza\u00e7\u00f5es do Plano de Continuidade dos Neg\u00f3cios periodicamente ou em caso de mudan\u00e7as significativas, em um processo de melhoria cont\u00ednua do mesmo.<\/li>\n\n\n\n<li>A disponibilidade permanente para colaborar com as autoridades em caso de cat\u00e1strofe ou necessidade, como parte do esp\u00edrito de servi\u00e7o que permeia todas as a\u00e7\u00f5es da Lynx e da responsabilidade para com a sociedade em que opera.<\/li>\n<\/ul>\n\n\n\n<p><em>Comit\u00ea Sistema de Gest\u00e3o da Continuidade dos Neg\u00f3cios (BCMS Comittee) \u2013 Vers\u00e3o 1.0 (Dezembro 2024)<\/em><\/p>\n","protected":false},"excerpt":{"rendered":"<p>Pol\u00edtica de Seguran\u00e7a da Informa\u00e7\u00e3o O objetivo desta pol\u00edtica \u00e9 estabelecer as diretrizes gerais e o compromisso da Lynx com a gest\u00e3o dos riscos de seguran\u00e7a da informa\u00e7\u00e3o e ciberseguran\u00e7a. Esta pol\u00edtica constitui o quadro de refer\u00eancia para o Sistema de Gest\u00e3o da Seguran\u00e7a da Informa\u00e7\u00e3o (SGSI ou, em Ingl\u00eas, Information Security Management System \u2013 [&hellip;]<\/p>\n","protected":false},"author":1,"featured_media":0,"parent":0,"menu_order":0,"comment_status":"closed","ping_status":"closed","template":"","meta":{"_acf_changed":false,"_uag_custom_page_level_css":"","footnotes":""},"class_list":["post-2350","page","type-page","status-publish","hentry"],"acf":[],"yoast_head":"<!-- This site is optimized with the Yoast SEO plugin v27.3 - https:\/\/yoast.com\/product\/yoast-seo-wordpress\/ -->\n<title>Pol\u00edtica de Ciberseguran\u00e7a | Lynx<\/title>\n<meta name=\"description\" content=\"Consulte a pol\u00edtica de ciberseguran\u00e7a da Lynx e saiba como protegemos os dados e sistemas das institui\u00e7\u00f5es financeiras que confiam em n\u00f3s.\" \/>\n<meta name=\"robots\" content=\"index, follow, max-snippet:-1, max-image-preview:large, max-video-preview:-1\" \/>\n<link rel=\"canonical\" href=\"https:\/\/lynxtech.com\/pt-br\/cybersecurity-policy\/\" \/>\n<meta property=\"og:locale\" content=\"pt_BR\" \/>\n<meta property=\"og:type\" content=\"article\" \/>\n<meta property=\"og:title\" content=\"Pol\u00edtica de Ciberseguran\u00e7a | Lynx\" \/>\n<meta property=\"og:description\" content=\"Consulte a pol\u00edtica de ciberseguran\u00e7a da Lynx e saiba como protegemos os dados e sistemas das institui\u00e7\u00f5es financeiras que confiam em n\u00f3s.\" \/>\n<meta property=\"og:url\" content=\"https:\/\/lynxtech.com\/pt-br\/cybersecurity-policy\/\" \/>\n<meta property=\"og:site_name\" content=\"Lynxtech\" \/>\n<meta property=\"article:modified_time\" content=\"2026-04-14T13:29:13+00:00\" \/>\n<meta name=\"twitter:card\" content=\"summary_large_image\" \/>\n<meta name=\"twitter:label1\" content=\"Est. tempo de leitura\" \/>\n\t<meta name=\"twitter:data1\" content=\"6 minutos\" \/>\n<script type=\"application\/ld+json\" class=\"yoast-schema-graph\">{\"@context\":\"https:\\\/\\\/schema.org\",\"@graph\":[{\"@type\":\"WebPage\",\"@id\":\"https:\\\/\\\/lynxtech.com\\\/pt-br\\\/cybersecurity-policy\\\/\",\"url\":\"https:\\\/\\\/lynxtech.com\\\/pt-br\\\/cybersecurity-policy\\\/\",\"name\":\"Pol\u00edtica de Ciberseguran\u00e7a | Lynx\",\"isPartOf\":{\"@id\":\"\\\/#website\"},\"datePublished\":\"2026-02-11T15:50:52+00:00\",\"dateModified\":\"2026-04-14T13:29:13+00:00\",\"description\":\"Consulte a pol\u00edtica de ciberseguran\u00e7a da Lynx e saiba como protegemos os dados e sistemas das institui\u00e7\u00f5es financeiras que confiam em n\u00f3s.\",\"breadcrumb\":{\"@id\":\"https:\\\/\\\/lynxtech.com\\\/pt-br\\\/cybersecurity-policy\\\/#breadcrumb\"},\"inLanguage\":\"pt-BR\",\"potentialAction\":[{\"@type\":\"ReadAction\",\"target\":[\"https:\\\/\\\/lynxtech.com\\\/pt-br\\\/cybersecurity-policy\\\/\"]}]},{\"@type\":\"BreadcrumbList\",\"@id\":\"https:\\\/\\\/lynxtech.com\\\/pt-br\\\/cybersecurity-policy\\\/#breadcrumb\",\"itemListElement\":[{\"@type\":\"ListItem\",\"position\":1,\"name\":\"Home\",\"item\":\"https:\\\/\\\/lynxtech.com\\\/pt-br\\\/\"},{\"@type\":\"ListItem\",\"position\":2,\"name\":\"Pol\u00edtica de Seguran\u00e7a Cibern\u00e9tica (Ciberseguran\u00e7a)\"}]},{\"@type\":\"WebSite\",\"@id\":\"\\\/#website\",\"url\":\"\\\/\",\"name\":\"Lynxtech\",\"description\":\"\",\"publisher\":{\"@id\":\"\\\/#organization\"},\"potentialAction\":[{\"@type\":\"SearchAction\",\"target\":{\"@type\":\"EntryPoint\",\"urlTemplate\":\"\\\/?s={search_term_string}\"},\"query-input\":{\"@type\":\"PropertyValueSpecification\",\"valueRequired\":true,\"valueName\":\"search_term_string\"}}],\"inLanguage\":\"pt-BR\"},{\"@type\":\"Organization\",\"@id\":\"\\\/#organization\",\"name\":\"Lynx\",\"url\":\"\\\/\",\"logo\":{\"@type\":\"ImageObject\",\"inLanguage\":\"pt-BR\",\"@id\":\"\\\/#\\\/schema\\\/logo\\\/image\\\/\",\"url\":\"https:\\\/\\\/lynxtech.com\\\/wp-content\\\/uploads\\\/2026\\\/01\\\/logo-lynxtech-black-header.svg\",\"contentUrl\":\"https:\\\/\\\/lynxtech.com\\\/wp-content\\\/uploads\\\/2026\\\/01\\\/logo-lynxtech-black-header.svg\",\"width\":1,\"height\":1,\"caption\":\"Lynx\"},\"image\":{\"@id\":\"\\\/#\\\/schema\\\/logo\\\/image\\\/\"}}]}<\/script>\n<!-- \/ Yoast SEO plugin. -->","yoast_head_json":{"title":"Pol\u00edtica de Ciberseguran\u00e7a | Lynx","description":"Consulte a pol\u00edtica de ciberseguran\u00e7a da Lynx e saiba como protegemos os dados e sistemas das institui\u00e7\u00f5es financeiras que confiam em n\u00f3s.","robots":{"index":"index","follow":"follow","max-snippet":"max-snippet:-1","max-image-preview":"max-image-preview:large","max-video-preview":"max-video-preview:-1"},"canonical":"https:\/\/lynxtech.com\/pt-br\/cybersecurity-policy\/","og_locale":"pt_BR","og_type":"article","og_title":"Pol\u00edtica de Ciberseguran\u00e7a | Lynx","og_description":"Consulte a pol\u00edtica de ciberseguran\u00e7a da Lynx e saiba como protegemos os dados e sistemas das institui\u00e7\u00f5es financeiras que confiam em n\u00f3s.","og_url":"https:\/\/lynxtech.com\/pt-br\/cybersecurity-policy\/","og_site_name":"Lynxtech","article_modified_time":"2026-04-14T13:29:13+00:00","twitter_card":"summary_large_image","twitter_misc":{"Est. tempo de leitura":"6 minutos"},"schema":{"@context":"https:\/\/schema.org","@graph":[{"@type":"WebPage","@id":"https:\/\/lynxtech.com\/pt-br\/cybersecurity-policy\/","url":"https:\/\/lynxtech.com\/pt-br\/cybersecurity-policy\/","name":"Pol\u00edtica de Ciberseguran\u00e7a | Lynx","isPartOf":{"@id":"\/#website"},"datePublished":"2026-02-11T15:50:52+00:00","dateModified":"2026-04-14T13:29:13+00:00","description":"Consulte a pol\u00edtica de ciberseguran\u00e7a da Lynx e saiba como protegemos os dados e sistemas das institui\u00e7\u00f5es financeiras que confiam em n\u00f3s.","breadcrumb":{"@id":"https:\/\/lynxtech.com\/pt-br\/cybersecurity-policy\/#breadcrumb"},"inLanguage":"pt-BR","potentialAction":[{"@type":"ReadAction","target":["https:\/\/lynxtech.com\/pt-br\/cybersecurity-policy\/"]}]},{"@type":"BreadcrumbList","@id":"https:\/\/lynxtech.com\/pt-br\/cybersecurity-policy\/#breadcrumb","itemListElement":[{"@type":"ListItem","position":1,"name":"Home","item":"https:\/\/lynxtech.com\/pt-br\/"},{"@type":"ListItem","position":2,"name":"Pol\u00edtica de Seguran\u00e7a Cibern\u00e9tica (Ciberseguran\u00e7a)"}]},{"@type":"WebSite","@id":"\/#website","url":"\/","name":"Lynxtech","description":"","publisher":{"@id":"\/#organization"},"potentialAction":[{"@type":"SearchAction","target":{"@type":"EntryPoint","urlTemplate":"\/?s={search_term_string}"},"query-input":{"@type":"PropertyValueSpecification","valueRequired":true,"valueName":"search_term_string"}}],"inLanguage":"pt-BR"},{"@type":"Organization","@id":"\/#organization","name":"Lynx","url":"\/","logo":{"@type":"ImageObject","inLanguage":"pt-BR","@id":"\/#\/schema\/logo\/image\/","url":"https:\/\/lynxtech.com\/wp-content\/uploads\/2026\/01\/logo-lynxtech-black-header.svg","contentUrl":"https:\/\/lynxtech.com\/wp-content\/uploads\/2026\/01\/logo-lynxtech-black-header.svg","width":1,"height":1,"caption":"Lynx"},"image":{"@id":"\/#\/schema\/logo\/image\/"}}]}},"spectra_custom_meta":{"_lynx_hide_title":["0"],"_wpml_word_count":["1492"],"copied_media_ids":["a:0:{}"],"referenced_media_ids":["a:0:{}"],"_wpml_location_migration_done":["1"],"_yoast_wpseo_title":["Pol\u00edtica de Ciberseguran\u00e7a | Lynx"],"_yoast_wpseo_metadesc":["Consulte a pol\u00edtica de ciberseguran\u00e7a da Lynx e saiba como protegemos os dados e sistemas das institui\u00e7\u00f5es financeiras que confiam em n\u00f3s."],"_yoast_wpseo_content_score":["30"],"_yoast_wpseo_estimated-reading-time-minutes":["6"],"_wp_page_template":[""],"_last_translation_edit_mode":["native-editor"],"_top_nav_excluded":[""],"_cms_nav_minihome":[""],"_edit_lock":["1776173365:16"],"_edit_last":["16"],"_uag_page_assets":["a:9:{s:3:\"css\";s:263:\".uag-blocks-common-selector{z-index:var(--z-index-desktop) !important}@media (max-width: 976px){.uag-blocks-common-selector{z-index:var(--z-index-tablet) !important}}@media (max-width: 767px){.uag-blocks-common-selector{z-index:var(--z-index-mobile) !important}}\n\";s:2:\"js\";s:0:\"\";s:18:\"current_block_list\";a:4:{i:0;s:12:\"core\/heading\";i:1;s:9:\"core\/list\";i:2;s:14:\"core\/list-item\";i:3;s:14:\"core\/paragraph\";}s:8:\"uag_flag\";b:0;s:11:\"uag_version\";s:10:\"1776215486\";s:6:\"gfonts\";a:0:{}s:10:\"gfonts_url\";s:0:\"\";s:12:\"gfonts_files\";a:0:{}s:14:\"uag_faq_layout\";b:0;}"],"_uag_css_file_name":["uag-css-2350.css"]},"uagb_featured_image_src":{"full":false,"thumbnail":false,"medium":false,"medium_large":false,"large":false,"1536x1536":false,"2048x2048":false},"uagb_author_info":{"display_name":"davidsanchez","author_link":"https:\/\/lynxtech.com\/pt-br\/resources\/author\/davidsanchez\/"},"uagb_comment_info":0,"uagb_excerpt":"Pol\u00edtica de Seguran\u00e7a da Informa\u00e7\u00e3o O objetivo desta pol\u00edtica \u00e9 estabelecer as diretrizes gerais e o compromisso da Lynx com a gest\u00e3o dos riscos de seguran\u00e7a da informa\u00e7\u00e3o e ciberseguran\u00e7a. Esta pol\u00edtica constitui o quadro de refer\u00eancia para o Sistema de Gest\u00e3o da Seguran\u00e7a da Informa\u00e7\u00e3o (SGSI ou, em Ingl\u00eas, Information Security Management System \u2013&hellip;","_links":{"self":[{"href":"https:\/\/lynxtech.com\/pt-br\/wp-json\/wp\/v2\/pages\/2350","targetHints":{"allow":["GET"]}}],"collection":[{"href":"https:\/\/lynxtech.com\/pt-br\/wp-json\/wp\/v2\/pages"}],"about":[{"href":"https:\/\/lynxtech.com\/pt-br\/wp-json\/wp\/v2\/types\/page"}],"author":[{"embeddable":true,"href":"https:\/\/lynxtech.com\/pt-br\/wp-json\/wp\/v2\/users\/1"}],"replies":[{"embeddable":true,"href":"https:\/\/lynxtech.com\/pt-br\/wp-json\/wp\/v2\/comments?post=2350"}],"version-history":[{"count":3,"href":"https:\/\/lynxtech.com\/pt-br\/wp-json\/wp\/v2\/pages\/2350\/revisions"}],"predecessor-version":[{"id":2357,"href":"https:\/\/lynxtech.com\/pt-br\/wp-json\/wp\/v2\/pages\/2350\/revisions\/2357"}],"wp:attachment":[{"href":"https:\/\/lynxtech.com\/pt-br\/wp-json\/wp\/v2\/media?parent=2350"}],"curies":[{"name":"wp","href":"https:\/\/api.w.org\/{rel}","templated":true}]}}