{"id":2365,"date":"2026-02-11T15:51:21","date_gmt":"2026-02-11T14:51:21","guid":{"rendered":"https:\/\/lynxtech-prod.mrmilu.com\/legal-notice\/"},"modified":"2026-04-14T15:28:15","modified_gmt":"2026-04-14T13:28:15","slug":"legal-notice","status":"publish","type":"page","link":"https:\/\/lynxtech.com\/pt-br\/legal-notice\/","title":{"rendered":"Legal Notice"},"content":{"rendered":"\n<p><strong>Nome:&nbsp;<\/strong>Lynx Financial Crime Tech S.A.<strong><br>Endere\u00e7o Comercial:&nbsp;<\/strong>Avda de Cantabria s\/n, 28660 Boadilla del Monte (Madri)<strong><br>Identifica\u00e7\u00e3o fiscal (CIF):&nbsp;<\/strong>No. A-10971489 A-10971489<strong><br>Contato do respons\u00e1vel pela prote\u00e7\u00e3o de dados (Data Protection Officer):&nbsp;<\/strong><a href=\"mailto:privacy@lynxtech.com\">privacy@lynxtech.com<\/a><\/p>\n\n\n\n<h4 class=\"wp-block-heading\"><strong>Aviso Legal<\/strong><\/h4>\n\n\n\n<h4 class=\"wp-block-heading\">Este site \u00e9 propriedade de&nbsp;LYNX FINANCIAL CRIME TECH S.A.&nbsp;(doravante referiada como&nbsp;LFCT), uma empresa constitu\u00edda de acordo com as leis e legisla\u00e7\u00e3o da Espanha, com sede social na Avda de Cantabria s\/n 28660 Boadilla del Monte (Madri), CIF (n\u00famero de identifica\u00e7\u00e3o fiscal) A-10971489, e inscrita no Registro Mercantil de Madri no volume 43919, Pasta 30, folha n\u00famero M-775000.<\/h4>\n\n\n\n<h4 class=\"wp-block-heading\">e-mail de contato:\u202f&nbsp;<a href=\"mailto:info@lynxtech.com\"><strong>info@lynxtech.com<\/strong><\/a><\/h4>\n\n\n\n<p><strong>Termos e Condi\u00e7\u00f5es de Uso do Site<\/strong><\/p>\n\n\n\n<p>Leia atentamente os seguintes termos e condi\u00e7\u00f5es de uso do site (os \u201cTermos e Condi\u00e7\u00f5es de Uso\u201d). Os usu\u00e1rios do site devem cumprir esses termos e condi\u00e7\u00f5es em todos os momentos. Ao acessar e usar este site e qualquer uma de suas p\u00e1ginas (doravante referido como o \u201cSite\u201d), voc\u00ea ser\u00e1 considerado um usu\u00e1rio (doravante referido como o \u201cUsu\u00e1rio\u201d) e indicar\u00e1 automaticamente que aceita todos estes Termos e Condi\u00e7\u00f5es de Uso.<\/p>\n\n\n\n<p>Em conjunto, os Termos e Condi\u00e7\u00f5es de Uso, o Aviso Legal, a Pol\u00edtica de Privacidade e a Pol\u00edtica de Cookies constituem os termos e condi\u00e7\u00f5es que regem o acesso e a utiliza\u00e7\u00e3o deste site p\u00fablico.<\/p>\n\n\n\n<p>O usu\u00e1rio concorda em utilizar o Site de acordo com a legisla\u00e7\u00e3o pertinente em vigor, a boa-f\u00e9 e a ordem p\u00fablica. O usu\u00e1rio tamb\u00e9m concorda em abster-se de utilizar o Site para fins fraudulentos, praticar a\u00e7\u00f5es que possam prejudicar ou comprometer a imagem, os interesses e os direitos da LFCT, danificar, desativar ou sobrecarregar o site, ou dificultar ou prejudicar o funcionamento ou uso normal do mesmo de qualquer forma.<\/p>\n\n\n\n<p>O usu\u00e1rio fica ciente de que, em caso de descumprimento ou comprometimento da integridade do conte\u00fado ou das obriga\u00e7\u00f5es descritas nos Termos e Condi\u00e7\u00f5es do Site, a LFCT reserva-se o direito de restringir, limitar, suspender ou encerrar o acesso do Usu\u00e1rio ao Site, adotando para esse fim qualquer medida t\u00e9cnica necess\u00e1ria a esse respeito.<\/p>\n\n\n\n<p>A LFCT reserva-se igualmente o direito de atualizar, alterar ou eliminar as informa\u00e7\u00f5es contidas no site, incluindo os conte\u00fados e\/ou servi\u00e7os que ele cont\u00e9m, e suspender, cancelar, rescindir, restringir, limitar ou retirar a permiss\u00e3o de acesso \u00e0s informa\u00e7\u00f5es, links ou informa\u00e7\u00f5es obtidas no site a qualquer momento e sem aviso pr\u00e9vio. Acima de tudo, a LFCT reserva-se o direito de eliminar, restringir ou limitar o acesso ao site devido a dificuldades t\u00e9cnicas decorrentes de circunst\u00e2ncias n\u00e3o atribu\u00edveis \u00e0 LFCT que possa considerar reduzir, anular ou comprometer os n\u00edveis ou requisitos de seguran\u00e7a adotados para o bom funcionamento do site.<\/p>\n\n\n\n<p><strong>Conte\u00fado<\/strong><\/p>\n\n\n\n<p>Embora a LFCT tenha obtido as informa\u00e7\u00f5es e os materiais inclu\u00eddos no site de fontes consideradas confi\u00e1veis e tenha tomado medidas razo\u00e1veis para garantir que os dados e as informa\u00e7\u00f5es nele contidos estejam corretos, a LFCT n\u00e3o pode garantir que eles sejam precisos, completos ou atualizados e, portanto, n\u00e3o devem ser interpretados como tal. A LFCT se isenta expressamente de qualquer responsabilidade por qualquer erro ou omiss\u00e3o nas informa\u00e7\u00f5es contidas nas p\u00e1ginas deste site.<\/p>\n\n\n\n<p>A LFCT tamb\u00e9m n\u00e3o se responsabiliza por qualquer informa\u00e7\u00e3o no site que n\u00e3o atenda \u00e0s expectativas dos usu\u00e1rios ou por quaisquer opini\u00f5es ou coment\u00e1rios que possam aparecer no site ou feitos por usu\u00e1rios individuais.<\/p>\n\n\n\n<p>Os usu\u00e1rios n\u00e3o podem apagar, excluir, alterar, contornar ou adulterar qualquer dispositivo ou sistema de prote\u00e7\u00e3o ou seguran\u00e7a instalado no site.<\/p>\n\n\n\n<p>As informa\u00e7\u00f5es contidas no site t\u00eam car\u00e1ter meramente informativo e n\u00e3o constituem qualquer tipo de recomenda\u00e7\u00e3o. Portanto, n\u00e3o devem ser interpretadas como aconselhamento jur\u00eddico, tribut\u00e1rio, financeiro, de investimento ou t\u00e9cnico; consideradas como uma oferta da LFCT ou recomenda\u00e7\u00e3o para realizar qualquer transa\u00e7\u00e3o ou opera\u00e7\u00e3o; ou utilizadas como base para a tomada de decis\u00f5es de qualquer natureza. A LFCT n\u00e3o se responsabiliza pela forma como as informa\u00e7\u00f5es do site s\u00e3o utilizadas. Nesse sentido, as informa\u00e7\u00f5es do site est\u00e3o sujeitas \u00e0 legisla\u00e7\u00e3o pertinente atualmente em vigor na Espanha e, portanto, n\u00e3o se destinam a usu\u00e1rios que operam em outras jurisdi\u00e7\u00f5es que exigem o cumprimento de requisitos diferentes para a divulga\u00e7\u00e3o ou publica\u00e7\u00e3o das informa\u00e7\u00f5es que aparecem no presente site.<\/p>\n\n\n\n<p>A LFCT n\u00e3o se responsabiliza por qualquer tipo de dano, les\u00e3o, perda, reclama\u00e7\u00e3o ou custo de qualquer natureza, independentemente de estes decorrerem da utiliza\u00e7\u00e3o do Website, das informa\u00e7\u00f5es nele contidas ou acedidas atrav\u00e9s do Website, de v\u00edrus inform\u00e1ticos, falhas operacionais ou interrup\u00e7\u00f5es no servi\u00e7o ou na transmiss\u00e3o, falhas na linha ou qualquer outra utiliza\u00e7\u00e3o do Website, seja atrav\u00e9s de uma liga\u00e7\u00e3o direta, de um link a partir de outro local ou de outro meio.<\/p>\n\n\n\n<p><strong>Links<\/strong><\/p>\n\n\n\n<p>A LFCT n\u00e3o se responsabiliza pelos sites de terceiros que possam ser acessados por meio de links ou por qualquer conte\u00fado disponibilizado por terceiros. Qualquer uso de um link n\u00e3o propriet\u00e1rio ou acesso a um site de terceiros \u00e9 de risco e decis\u00e3o exclusivos do usu\u00e1rio. A LFCT n\u00e3o recomenda nem garante qualquer informa\u00e7\u00e3o obtida por ou atrav\u00e9s de qualquer link, e n\u00e3o se responsabiliza por qualquer perda, reclama\u00e7\u00e3o ou dano resultante do uso ou uso indevido de um link, ou de qualquer informa\u00e7\u00e3o assim obtida, incluindo de outros links e sites, ou por qualquer interrup\u00e7\u00e3o de servi\u00e7o ou acesso, ou qualquer tentativa de usar ou usar indevidamente um link, seja para acessar o Site ou informa\u00e7\u00f5es em outros sites a partir do Site.<\/p>\n\n\n\n<p><strong>Propriedade Intelectual e Industria<\/strong><strong>l<\/strong><\/p>\n\n\n\n<p>Salvo indica\u00e7\u00e3o em contr\u00e1rio, a LFCT e\/ou seus licenciados s\u00e3o os propriet\u00e1rios e detentores dos direitos de propriedade intelectual e industrial relativos ao uso e reprodu\u00e7\u00e3o deste site, suas p\u00e1ginas, telas, informa\u00e7\u00f5es nele contidas, apar\u00eancia, estrutura, design, c\u00f3digo-fonte, arquivos de \u00e1udio e software. Todos os nomes, designs e\/ou logotipos deste site est\u00e3o devidamente registrados e s\u00e3o propriedade da LFCT e\/ou de seus licenciados. Qualquer uso indevido dos mesmos por qualquer pessoa que n\u00e3o seja seus leg\u00edtimos propriet\u00e1rios ou detentores de direitos ser\u00e1 processado de acordo com a legisla\u00e7\u00e3o pertinente em vigor.<\/p>\n\n\n\n<p>A utiliza\u00e7\u00e3o do site pelo usu\u00e1rio n\u00e3o implica qualquer cess\u00e3o ou transfer\u00eancia de direitos de propriedade intelectual e\/ou industrial relativos ao Site, conte\u00fados e\/ou marcas e outros sinais distintivos da LFCT ou de terceiros. Salvo autoriza\u00e7\u00e3o expressa da LFCT ou nos casos permitidos por lei, \u00e9 expressamente proibido reproduzir, copiar, divulgar ao p\u00fablico, transformar, extrair, reutilizar, distribuir, ceder ou transferir, modificar, alterar ou eliminar as informa\u00e7\u00f5es, conte\u00fados e\/ou marcas ou sinais distintivos da LFCT ou de terceiros incorporados neste Site, bem como reproduzir, distribuir ou divulgar ao p\u00fablico parte ou a totalidade do conte\u00fado do Site para fins comerciais. A LFCT reserva-se o direito de iniciar qualquer a\u00e7\u00e3o legal correspondente contra os Usu\u00e1rios que violem ou infrinjam os seus direitos de propriedade intelectual e\/ou industrial.<\/p>\n\n\n\n<p><strong>Prote\u00e7\u00e3o de Dados Pessoais<\/strong><\/p>\n\n\n\n<p>A Pol\u00edtica de Privacidade aborda quest\u00f5es relacionadas ao processamento dos dados pessoais dos Usu\u00e1rios.<\/p>\n\n\n\n<p><strong>Uso de Cookies<\/strong><\/p>\n\n\n\n<p>Este site utiliza a tecnologia de \u201ccookies\u201d. A utiliza\u00e7\u00e3o de cookies pela LFCT \u00e9 regida pela sua Pol\u00edtica de Cookies.<\/p>\n\n\n\n<p><strong>Legisla\u00e7\u00e3o Aplic\u00e1vel<\/strong><\/p>\n\n\n\n<p>Os presentes termos e condi\u00e7\u00f5es gerais ser\u00e3o regidos pelas leis e legisla\u00e7\u00e3o da Espanha.<\/p>\n\n\n\n<p>\u00a9 2023 Lynx Financial Crime Tech S.A. Todos os direitos reservados<\/p>\n","protected":false},"excerpt":{"rendered":"<p>Nome:&nbsp;Lynx Financial Crime Tech S.A.Endere\u00e7o Comercial:&nbsp;Avda de Cantabria s\/n, 28660 Boadilla del Monte (Madri)Identifica\u00e7\u00e3o fiscal (CIF):&nbsp;No. A-10971489 A-10971489Contato do respons\u00e1vel pela prote\u00e7\u00e3o de dados (Data Protection Officer):&nbsp;privacy@lynxtech.com Aviso Legal Este site \u00e9 propriedade de&nbsp;LYNX FINANCIAL CRIME TECH S.A.&nbsp;(doravante referiada como&nbsp;LFCT), uma empresa constitu\u00edda de acordo com as leis e legisla\u00e7\u00e3o da Espanha, com sede social [&hellip;]<\/p>\n","protected":false},"author":1,"featured_media":0,"parent":0,"menu_order":0,"comment_status":"closed","ping_status":"closed","template":"","meta":{"_acf_changed":false,"_uag_custom_page_level_css":"","footnotes":""},"class_list":["post-2365","page","type-page","status-publish","hentry"],"acf":[],"yoast_head":"<!-- This site is optimized with the Yoast SEO plugin v27.3 - https:\/\/yoast.com\/product\/yoast-seo-wordpress\/ -->\n<title>Aviso Legal | Lynx<\/title>\n<meta name=\"description\" content=\"Leia o aviso legal da Lynx com informa\u00e7\u00f5es sobre o uso do site, propriedade intelectual e responsabilidades legais.\" \/>\n<meta name=\"robots\" content=\"index, follow, max-snippet:-1, max-image-preview:large, max-video-preview:-1\" \/>\n<link rel=\"canonical\" href=\"https:\/\/lynxtech.com\/pt-br\/legal-notice\/\" \/>\n<meta property=\"og:locale\" content=\"pt_BR\" \/>\n<meta property=\"og:type\" content=\"article\" \/>\n<meta property=\"og:title\" content=\"Aviso Legal | Lynx\" \/>\n<meta property=\"og:description\" content=\"Leia o aviso legal da Lynx com informa\u00e7\u00f5es sobre o uso do site, propriedade intelectual e responsabilidades legais.\" \/>\n<meta property=\"og:url\" content=\"https:\/\/lynxtech.com\/pt-br\/legal-notice\/\" \/>\n<meta property=\"og:site_name\" content=\"Lynxtech\" \/>\n<meta property=\"article:modified_time\" content=\"2026-04-14T13:28:15+00:00\" \/>\n<meta name=\"twitter:card\" content=\"summary_large_image\" \/>\n<meta name=\"twitter:label1\" content=\"Est. tempo de leitura\" \/>\n\t<meta name=\"twitter:data1\" content=\"6 minutos\" \/>\n<script type=\"application\/ld+json\" class=\"yoast-schema-graph\">{\"@context\":\"https:\\\/\\\/schema.org\",\"@graph\":[{\"@type\":\"WebPage\",\"@id\":\"https:\\\/\\\/lynxtech.com\\\/pt-br\\\/legal-notice\\\/\",\"url\":\"https:\\\/\\\/lynxtech.com\\\/pt-br\\\/legal-notice\\\/\",\"name\":\"Aviso Legal | Lynx\",\"isPartOf\":{\"@id\":\"\\\/#website\"},\"datePublished\":\"2026-02-11T14:51:21+00:00\",\"dateModified\":\"2026-04-14T13:28:15+00:00\",\"description\":\"Leia o aviso legal da Lynx com informa\u00e7\u00f5es sobre o uso do site, propriedade intelectual e responsabilidades legais.\",\"breadcrumb\":{\"@id\":\"https:\\\/\\\/lynxtech.com\\\/pt-br\\\/legal-notice\\\/#breadcrumb\"},\"inLanguage\":\"pt-BR\",\"potentialAction\":[{\"@type\":\"ReadAction\",\"target\":[\"https:\\\/\\\/lynxtech.com\\\/pt-br\\\/legal-notice\\\/\"]}]},{\"@type\":\"BreadcrumbList\",\"@id\":\"https:\\\/\\\/lynxtech.com\\\/pt-br\\\/legal-notice\\\/#breadcrumb\",\"itemListElement\":[{\"@type\":\"ListItem\",\"position\":1,\"name\":\"Home\",\"item\":\"https:\\\/\\\/lynxtech.com\\\/pt-br\\\/\"},{\"@type\":\"ListItem\",\"position\":2,\"name\":\"Legal Notice\"}]},{\"@type\":\"WebSite\",\"@id\":\"\\\/#website\",\"url\":\"\\\/\",\"name\":\"Lynxtech\",\"description\":\"\",\"publisher\":{\"@id\":\"\\\/#organization\"},\"potentialAction\":[{\"@type\":\"SearchAction\",\"target\":{\"@type\":\"EntryPoint\",\"urlTemplate\":\"\\\/?s={search_term_string}\"},\"query-input\":{\"@type\":\"PropertyValueSpecification\",\"valueRequired\":true,\"valueName\":\"search_term_string\"}}],\"inLanguage\":\"pt-BR\"},{\"@type\":\"Organization\",\"@id\":\"\\\/#organization\",\"name\":\"Lynx\",\"url\":\"\\\/\",\"logo\":{\"@type\":\"ImageObject\",\"inLanguage\":\"pt-BR\",\"@id\":\"\\\/#\\\/schema\\\/logo\\\/image\\\/\",\"url\":\"https:\\\/\\\/lynxtech.com\\\/wp-content\\\/uploads\\\/2026\\\/01\\\/logo-lynxtech-black-header.svg\",\"contentUrl\":\"https:\\\/\\\/lynxtech.com\\\/wp-content\\\/uploads\\\/2026\\\/01\\\/logo-lynxtech-black-header.svg\",\"width\":1,\"height\":1,\"caption\":\"Lynx\"},\"image\":{\"@id\":\"\\\/#\\\/schema\\\/logo\\\/image\\\/\"}}]}<\/script>\n<!-- \/ Yoast SEO plugin. -->","yoast_head_json":{"title":"Aviso Legal | Lynx","description":"Leia o aviso legal da Lynx com informa\u00e7\u00f5es sobre o uso do site, propriedade intelectual e responsabilidades legais.","robots":{"index":"index","follow":"follow","max-snippet":"max-snippet:-1","max-image-preview":"max-image-preview:large","max-video-preview":"max-video-preview:-1"},"canonical":"https:\/\/lynxtech.com\/pt-br\/legal-notice\/","og_locale":"pt_BR","og_type":"article","og_title":"Aviso Legal | Lynx","og_description":"Leia o aviso legal da Lynx com informa\u00e7\u00f5es sobre o uso do site, propriedade intelectual e responsabilidades legais.","og_url":"https:\/\/lynxtech.com\/pt-br\/legal-notice\/","og_site_name":"Lynxtech","article_modified_time":"2026-04-14T13:28:15+00:00","twitter_card":"summary_large_image","twitter_misc":{"Est. tempo de leitura":"6 minutos"},"schema":{"@context":"https:\/\/schema.org","@graph":[{"@type":"WebPage","@id":"https:\/\/lynxtech.com\/pt-br\/legal-notice\/","url":"https:\/\/lynxtech.com\/pt-br\/legal-notice\/","name":"Aviso Legal | Lynx","isPartOf":{"@id":"\/#website"},"datePublished":"2026-02-11T14:51:21+00:00","dateModified":"2026-04-14T13:28:15+00:00","description":"Leia o aviso legal da Lynx com informa\u00e7\u00f5es sobre o uso do site, propriedade intelectual e responsabilidades legais.","breadcrumb":{"@id":"https:\/\/lynxtech.com\/pt-br\/legal-notice\/#breadcrumb"},"inLanguage":"pt-BR","potentialAction":[{"@type":"ReadAction","target":["https:\/\/lynxtech.com\/pt-br\/legal-notice\/"]}]},{"@type":"BreadcrumbList","@id":"https:\/\/lynxtech.com\/pt-br\/legal-notice\/#breadcrumb","itemListElement":[{"@type":"ListItem","position":1,"name":"Home","item":"https:\/\/lynxtech.com\/pt-br\/"},{"@type":"ListItem","position":2,"name":"Legal Notice"}]},{"@type":"WebSite","@id":"\/#website","url":"\/","name":"Lynxtech","description":"","publisher":{"@id":"\/#organization"},"potentialAction":[{"@type":"SearchAction","target":{"@type":"EntryPoint","urlTemplate":"\/?s={search_term_string}"},"query-input":{"@type":"PropertyValueSpecification","valueRequired":true,"valueName":"search_term_string"}}],"inLanguage":"pt-BR"},{"@type":"Organization","@id":"\/#organization","name":"Lynx","url":"\/","logo":{"@type":"ImageObject","inLanguage":"pt-BR","@id":"\/#\/schema\/logo\/image\/","url":"https:\/\/lynxtech.com\/wp-content\/uploads\/2026\/01\/logo-lynxtech-black-header.svg","contentUrl":"https:\/\/lynxtech.com\/wp-content\/uploads\/2026\/01\/logo-lynxtech-black-header.svg","width":1,"height":1,"caption":"Lynx"},"image":{"@id":"\/#\/schema\/logo\/image\/"}}]}},"spectra_custom_meta":{"_last_translation_edit_mode":["native-editor"],"_top_nav_excluded":[""],"_cms_nav_minihome":[""],"_wpml_word_count":["1325"],"_edit_lock":["1776173371:16"],"_wp_page_template":[""],"_edit_last":["16"],"_lynx_hide_title":["0"],"_yoast_wpseo_content_score":["30"],"_yoast_wpseo_estimated-reading-time-minutes":["6"],"_yoast_wpseo_title":["Aviso Legal | Lynx"],"_yoast_wpseo_metadesc":["Leia o aviso legal da Lynx com informa\u00e7\u00f5es sobre o uso do site, propriedade intelectual e responsabilidades legais."],"_uag_page_assets":["a:9:{s:3:\"css\";s:263:\".uag-blocks-common-selector{z-index:var(--z-index-desktop) !important}@media (max-width: 976px){.uag-blocks-common-selector{z-index:var(--z-index-tablet) !important}}@media (max-width: 767px){.uag-blocks-common-selector{z-index:var(--z-index-mobile) !important}}\n\";s:2:\"js\";s:0:\"\";s:18:\"current_block_list\";a:2:{i:0;s:14:\"core\/paragraph\";i:1;s:12:\"core\/heading\";}s:8:\"uag_flag\";b:0;s:11:\"uag_version\";s:10:\"1776215536\";s:6:\"gfonts\";a:0:{}s:10:\"gfonts_url\";s:0:\"\";s:12:\"gfonts_files\";a:0:{}s:14:\"uag_faq_layout\";b:0;}"],"_uag_css_file_name":["uag-css-2365.css"]},"uagb_featured_image_src":{"full":false,"thumbnail":false,"medium":false,"medium_large":false,"large":false,"1536x1536":false,"2048x2048":false},"uagb_author_info":{"display_name":"davidsanchez","author_link":"https:\/\/lynxtech.com\/pt-br\/resources\/author\/davidsanchez\/"},"uagb_comment_info":0,"uagb_excerpt":"Nome:&nbsp;Lynx Financial Crime Tech S.A.Endere\u00e7o Comercial:&nbsp;Avda de Cantabria s\/n, 28660 Boadilla del Monte (Madri)Identifica\u00e7\u00e3o fiscal (CIF):&nbsp;No. A-10971489 A-10971489Contato do respons\u00e1vel pela prote\u00e7\u00e3o de dados (Data Protection Officer):&nbsp;privacy@lynxtech.com Aviso Legal Este site \u00e9 propriedade de&nbsp;LYNX FINANCIAL CRIME TECH S.A.&nbsp;(doravante referiada como&nbsp;LFCT), uma empresa constitu\u00edda de acordo com as leis e legisla\u00e7\u00e3o da Espanha, com sede social&hellip;","_links":{"self":[{"href":"https:\/\/lynxtech.com\/pt-br\/wp-json\/wp\/v2\/pages\/2365","targetHints":{"allow":["GET"]}}],"collection":[{"href":"https:\/\/lynxtech.com\/pt-br\/wp-json\/wp\/v2\/pages"}],"about":[{"href":"https:\/\/lynxtech.com\/pt-br\/wp-json\/wp\/v2\/types\/page"}],"author":[{"embeddable":true,"href":"https:\/\/lynxtech.com\/pt-br\/wp-json\/wp\/v2\/users\/1"}],"replies":[{"embeddable":true,"href":"https:\/\/lynxtech.com\/pt-br\/wp-json\/wp\/v2\/comments?post=2365"}],"version-history":[{"count":2,"href":"https:\/\/lynxtech.com\/pt-br\/wp-json\/wp\/v2\/pages\/2365\/revisions"}],"predecessor-version":[{"id":2370,"href":"https:\/\/lynxtech.com\/pt-br\/wp-json\/wp\/v2\/pages\/2365\/revisions\/2370"}],"wp:attachment":[{"href":"https:\/\/lynxtech.com\/pt-br\/wp-json\/wp\/v2\/media?parent=2365"}],"curies":[{"name":"wp","href":"https:\/\/api.w.org\/{rel}","templated":true}]}}