{"id":2512,"date":"2026-01-27T14:34:21","date_gmt":"2026-01-27T13:34:21","guid":{"rendered":"https:\/\/lynxtech-prod.mrmilu.com\/?page_id=2512"},"modified":"2026-04-14T15:28:32","modified_gmt":"2026-04-14T13:28:32","slug":"politica-de-protecao-de-dados-pessoais","status":"publish","type":"page","link":"https:\/\/lynxtech.com\/pt-br\/politica-de-protecao-de-dados-pessoais\/","title":{"rendered":"Pol\u00edtica de prote\u00e7\u00e3o de dados pessoais"},"content":{"rendered":"\n<h2 class=\"wp-block-heading\">Controlador de dados<\/h2>\n\n\n\n<h4 class=\"wp-block-heading\">Responsable del Tratamiento de Datos:<\/h4>\n\n\n\n<p><strong>\u2013&nbsp;Identidade:&nbsp;<\/strong>Lynx Financial Crime Tech, S.A.&nbsp;<\/p>\n\n\n\n<p><strong>\u2013 Escrit\u00f3rio registrado:&nbsp;<\/strong>Avda. de Cantabria, s\/n, 28660 Boadilla del Monte, Madri.<\/p>\n\n\n\n<p><strong>\u2013&nbsp;Contato do respons\u00e1vel pela prote\u00e7\u00e3o de dados:&nbsp;<\/strong><a href=\"mailto:privacy@lynxtech.com\"><strong>privacy@lynxtech.com<\/strong><\/a><\/p>\n\n\n\n<p><strong>\u2013 Finalidade e base legal:&nbsp;<\/strong>Seus dados pessoais ser\u00e3o processados para gerenciar os servi\u00e7os espec\u00edficos que voc\u00ea solicitar ou para cumprir obriga\u00e7\u00f5es legais. A base legal para o processamento ser\u00e1 o seu consentimento, que voc\u00ea pode revogar a qualquer momento.&nbsp;<\/p>\n\n\n\n<p><strong>\u2013 Destinat\u00e1rios:&nbsp;<\/strong>Seus dados n\u00e3o ser\u00e3o divulgados a terceiros.&nbsp;<\/p>\n\n\n\n<p><strong>\u2013 Direitos:&nbsp;<\/strong>Voc\u00ea pode exercer, a qualquer momento, seus direitos de obje\u00e7\u00e3o, acesso, portabilidade, retifica\u00e7\u00e3o, restri\u00e7\u00e3o e exclus\u00e3o de seus dados.&nbsp;<\/p>\n\n\n\n<p><strong>\u2013 Informa\u00e7\u00f5es adicionais:&nbsp;<\/strong>Consulte abaixo para obter mais detalhes sobre as informa\u00e7\u00f5es contidas nesta tabela.<\/p>\n\n\n\n<p><strong>Informa\u00e7\u00f5es adicionais sobre a prote\u00e7\u00e3o de dados pessoais<\/strong><\/p>\n\n\n\n<p>Lynx Financial Crime Tech, S.A. (doravante, \u201cLFCT\u201d) cumpre integralmente os regulamentos de prote\u00e7\u00e3o de dados pessoais e, em particular, o REGULAMENTO (UE) 2016\/679 DO PARLAMENTO EUROPEU E DO CONSELHO, de 27 de abril de 2016, relativo \u00e0 prote\u00e7\u00e3o das pessoas singulares no que diz respeito ao tratamento de dados pessoais e \u00e0 livre circula\u00e7\u00e3o desses dados, que revoga a Diretiva 95\/46\/CE (doravante, o \u201cRegulamento Geral de Prote\u00e7\u00e3o de Dados\u201d ou \u201cGDPR\u201d), na medida em que os dados pessoais fornecidos pelo titular dos dados ao solicitar um servi\u00e7o espec\u00edfico e com rela\u00e7\u00e3o aos quais recebemos essas informa\u00e7\u00f5es por meio do site&nbsp;<a href=\"https:\/\/www.lynxtech.com\/\" rel=\\\"noopener\\\" target=\\\"_blank\\\">www.lynxtech.com<\/a>&nbsp;(doravante, o \u201cWebsite\u201d), ser\u00e3o processados em conformidade com as garantias e obriga\u00e7\u00f5es legalmente exigidas. De acordo com a legisla\u00e7\u00e3o aplic\u00e1vel, a LFCT implementou medidas t\u00e9cnicas e organizativas adequadas para assegurar um n\u00edvel de seguran\u00e7a adequado e evitar a perda, m\u00e1 utiliza\u00e7\u00e3o, altera\u00e7\u00e3o, acesso n\u00e3o autorizado e roubo dos dados fornecidos pelo titular dos dados. Da mesma forma, a LFCT declara que cumpre com o dever de confidencialidade com rela\u00e7\u00e3o aos dados pessoais fornecidos pelo titular dos dados atrav\u00e9s deste Website. A comunica\u00e7\u00e3o de dados pessoais ser\u00e1, em qualquer caso, necess\u00e1ria para a presta\u00e7\u00e3o do servi\u00e7o solicitado.<\/p>\n\n\n\n<p><strong>Quem \u00e9 o controlador de dados?<\/strong><\/p>\n\n\n\n<p>Os detalhes do controlador de dados s\u00e3o os seguintes:<\/p>\n\n\n\n<ul class=\"wp-block-list\">\n<li><strong>Entidade:<\/strong>\u00a0Lynx Financial Crime Tech, S.A., ID fiscal (NIF): A-10971489<\/li>\n\n\n\n<li><strong>Contato do respons\u00e1vel pela prote\u00e7\u00e3o de dados:<\/strong>\u00a0privacy@lynxtech.com\u202f<\/li>\n<\/ul>\n\n\n\n<p><strong>Quem \u00e9 o respons\u00e1vel pela prote\u00e7\u00e3o de dados e como voc\u00ea pode entrar em contato com ele?<\/strong><\/p>\n\n\n\n<p>O Diretor de Prote\u00e7\u00e3o de Dados garante a conformidade com o GDPR e a prote\u00e7\u00e3o de seus dados pessoais.<\/p>\n\n\n\n<p>Voc\u00ea pode entrar em contato com ele escrevendo para: privacy@lynxtech.com<\/p>\n\n\n\n<p><strong>Para que finalidade e com que base legal processamos seus dados?<\/strong><\/p>\n\n\n\n<ul class=\"wp-block-list\">\n<li>Para tratar as consultas enviadas pelos usu\u00e1rios por meio do formul\u00e1rio da p\u00e1gina \u201cFale conosco\u201d. Esse processamento \u00e9 considerado leg\u00edtimo com base no consentimento concedido pelo usu\u00e1rio, na qualidade de titular dos dados, ao preencher o referido formul\u00e1rio.<\/li>\n\n\n\n<li>Gerenciar processos de recrutamento iniciados pela LFCT de acordo com suas necessidades de contrata\u00e7\u00e3o, o que envolver\u00e1 o uso dos detalhes de contato do candidato (nome, sobrenome, endere\u00e7o de e-mail e n\u00famero de telefone). Esse processamento \u00e9 leg\u00edtimo em virtude do consentimento concedido pelo candidato ao enviar seu curr\u00edculo para participar do processo de recrutamento.<\/li>\n\n\n\n<li>Autorizar e gerenciar o acesso f\u00edsico \u00e0s instala\u00e7\u00f5es da LFCT em resposta \u00e0s solicita\u00e7\u00f5es de visita feitas pelos titulares dos dados em sua capacidade como usu\u00e1rios. Esse processamento \u00e9 leg\u00edtimo com base no consentimento concedido pelo titular dos dados ao solicitar o acesso.<\/li>\n\n\n\n<li>Para cumprir as obriga\u00e7\u00f5es legais aplic\u00e1veis.<\/li>\n<\/ul>\n\n\n\n<h4 class=\"wp-block-heading\"><strong>Por quanto tempo mantemos seus dados?<\/strong><\/h4>\n\n\n\n<h4 class=\"wp-block-heading\">Os titulares dos dados s\u00e3o expressamente informados de que seus dados pessoais n\u00e3o ser\u00e3o divulgados a terceiros, nem ser\u00e3o transferidos para pa\u00edses terceiros ou organiza\u00e7\u00f5es internacionais.<\/h4>\n\n\n\n<p><strong>Quais s\u00e3o seus direitos?<\/strong><\/p>\n\n\n\n<p>Os titulares dos dados podem exercer seus direitos de prote\u00e7\u00e3o de dados a qualquer momento, especificamente os direitos de acesso, retifica\u00e7\u00e3o, exclus\u00e3o, restri\u00e7\u00e3o de processamento, obje\u00e7\u00e3o, portabilidade e n\u00e3o estar sujeito a decis\u00f5es individuais automatizadas, enviando uma solicita\u00e7\u00e3o para o seguinte endere\u00e7o de e-mail:&nbsp;<a href=\"mailto:privacy@lynxtech.com\">privacy@lynxtech.com.<\/a>&nbsp;Sem preju\u00edzo de qualquer recurso administrativo adicional, a\u00e7\u00e3o legal ou judicial, os titulares dos dados tamb\u00e9m podem, em qualquer caso, apresentar uma reclama\u00e7\u00e3o \u00e0 Ag\u00eancia Espanhola de Prote\u00e7\u00e3o de Dados por meio do site da ag\u00eancia<a href=\"https:\/\/www.aepd.es\/\" rel=\\\"noopener\\\" target=\\\"_blank\\\">(www.aepd.es)<\/a>, especialmente se n\u00e3o estiverem totalmente satisfeitos ao exercer seus direitos a esse respeito.&nbsp;<\/p>\n","protected":false},"excerpt":{"rendered":"<p>Controlador de dados Responsable del Tratamiento de Datos: \u2013&nbsp;Identidade:&nbsp;Lynx Financial Crime Tech, S.A.&nbsp; \u2013 Escrit\u00f3rio registrado:&nbsp;Avda. de Cantabria, s\/n, 28660 Boadilla del Monte, Madri. \u2013&nbsp;Contato do respons\u00e1vel pela prote\u00e7\u00e3o de dados:&nbsp;privacy@lynxtech.com \u2013 Finalidade e base legal:&nbsp;Seus dados pessoais ser\u00e3o processados para gerenciar os servi\u00e7os espec\u00edficos que voc\u00ea solicitar ou para cumprir obriga\u00e7\u00f5es legais. A base [&hellip;]<\/p>\n","protected":false},"author":1,"featured_media":0,"parent":0,"menu_order":0,"comment_status":"closed","ping_status":"closed","template":"","meta":{"_acf_changed":false,"_uag_custom_page_level_css":"","footnotes":""},"class_list":["post-2512","page","type-page","status-publish","hentry"],"acf":[],"yoast_head":"<!-- This site is optimized with the Yoast SEO plugin v27.3 - https:\/\/yoast.com\/product\/yoast-seo-wordpress\/ -->\n<title>Pol\u00edtica de Privacidade | Lynx<\/title>\n<meta name=\"description\" content=\"Consulte a pol\u00edtica de privacidade da Lynx e saiba como tratamos os seus dados pessoais em conformidade com a LGPD.\" \/>\n<meta name=\"robots\" content=\"index, follow, max-snippet:-1, max-image-preview:large, max-video-preview:-1\" \/>\n<link rel=\"canonical\" href=\"https:\/\/lynxtech.com\/pt-br\/politica-de-protecao-de-dados-pessoais\/\" \/>\n<meta property=\"og:locale\" content=\"pt_BR\" \/>\n<meta property=\"og:type\" content=\"article\" \/>\n<meta property=\"og:title\" content=\"Pol\u00edtica de Privacidade | Lynx\" \/>\n<meta property=\"og:description\" content=\"Consulte a pol\u00edtica de privacidade da Lynx e saiba como tratamos os seus dados pessoais em conformidade com a LGPD.\" \/>\n<meta property=\"og:url\" content=\"https:\/\/lynxtech.com\/pt-br\/politica-de-protecao-de-dados-pessoais\/\" \/>\n<meta property=\"og:site_name\" content=\"Lynxtech\" \/>\n<meta property=\"article:modified_time\" content=\"2026-04-14T13:28:32+00:00\" \/>\n<meta name=\"twitter:card\" content=\"summary_large_image\" \/>\n<meta name=\"twitter:label1\" content=\"Est. tempo de leitura\" \/>\n\t<meta name=\"twitter:data1\" content=\"3 minutos\" \/>\n<script type=\"application\/ld+json\" class=\"yoast-schema-graph\">{\"@context\":\"https:\\\/\\\/schema.org\",\"@graph\":[{\"@type\":\"WebPage\",\"@id\":\"https:\\\/\\\/lynxtech.com\\\/pt-br\\\/politica-de-protecao-de-dados-pessoais\\\/\",\"url\":\"https:\\\/\\\/lynxtech.com\\\/pt-br\\\/politica-de-protecao-de-dados-pessoais\\\/\",\"name\":\"Pol\u00edtica de Privacidade | Lynx\",\"isPartOf\":{\"@id\":\"\\\/#website\"},\"datePublished\":\"2026-01-27T13:34:21+00:00\",\"dateModified\":\"2026-04-14T13:28:32+00:00\",\"description\":\"Consulte a pol\u00edtica de privacidade da Lynx e saiba como tratamos os seus dados pessoais em conformidade com a LGPD.\",\"breadcrumb\":{\"@id\":\"https:\\\/\\\/lynxtech.com\\\/pt-br\\\/politica-de-protecao-de-dados-pessoais\\\/#breadcrumb\"},\"inLanguage\":\"pt-BR\",\"potentialAction\":[{\"@type\":\"ReadAction\",\"target\":[\"https:\\\/\\\/lynxtech.com\\\/pt-br\\\/politica-de-protecao-de-dados-pessoais\\\/\"]}]},{\"@type\":\"BreadcrumbList\",\"@id\":\"https:\\\/\\\/lynxtech.com\\\/pt-br\\\/politica-de-protecao-de-dados-pessoais\\\/#breadcrumb\",\"itemListElement\":[{\"@type\":\"ListItem\",\"position\":1,\"name\":\"Home\",\"item\":\"https:\\\/\\\/lynxtech.com\\\/pt-br\\\/\"},{\"@type\":\"ListItem\",\"position\":2,\"name\":\"Pol\u00edtica de prote\u00e7\u00e3o de dados pessoais\"}]},{\"@type\":\"WebSite\",\"@id\":\"\\\/#website\",\"url\":\"\\\/\",\"name\":\"Lynxtech\",\"description\":\"\",\"publisher\":{\"@id\":\"\\\/#organization\"},\"potentialAction\":[{\"@type\":\"SearchAction\",\"target\":{\"@type\":\"EntryPoint\",\"urlTemplate\":\"\\\/?s={search_term_string}\"},\"query-input\":{\"@type\":\"PropertyValueSpecification\",\"valueRequired\":true,\"valueName\":\"search_term_string\"}}],\"inLanguage\":\"pt-BR\"},{\"@type\":\"Organization\",\"@id\":\"\\\/#organization\",\"name\":\"Lynx\",\"url\":\"\\\/\",\"logo\":{\"@type\":\"ImageObject\",\"inLanguage\":\"pt-BR\",\"@id\":\"\\\/#\\\/schema\\\/logo\\\/image\\\/\",\"url\":\"https:\\\/\\\/lynxtech.com\\\/wp-content\\\/uploads\\\/2026\\\/01\\\/logo-lynxtech-black-header.svg\",\"contentUrl\":\"https:\\\/\\\/lynxtech.com\\\/wp-content\\\/uploads\\\/2026\\\/01\\\/logo-lynxtech-black-header.svg\",\"width\":1,\"height\":1,\"caption\":\"Lynx\"},\"image\":{\"@id\":\"\\\/#\\\/schema\\\/logo\\\/image\\\/\"}}]}<\/script>\n<!-- \/ Yoast SEO plugin. -->","yoast_head_json":{"title":"Pol\u00edtica de Privacidade | Lynx","description":"Consulte a pol\u00edtica de privacidade da Lynx e saiba como tratamos os seus dados pessoais em conformidade com a LGPD.","robots":{"index":"index","follow":"follow","max-snippet":"max-snippet:-1","max-image-preview":"max-image-preview:large","max-video-preview":"max-video-preview:-1"},"canonical":"https:\/\/lynxtech.com\/pt-br\/politica-de-protecao-de-dados-pessoais\/","og_locale":"pt_BR","og_type":"article","og_title":"Pol\u00edtica de Privacidade | Lynx","og_description":"Consulte a pol\u00edtica de privacidade da Lynx e saiba como tratamos os seus dados pessoais em conformidade com a LGPD.","og_url":"https:\/\/lynxtech.com\/pt-br\/politica-de-protecao-de-dados-pessoais\/","og_site_name":"Lynxtech","article_modified_time":"2026-04-14T13:28:32+00:00","twitter_card":"summary_large_image","twitter_misc":{"Est. tempo de leitura":"3 minutos"},"schema":{"@context":"https:\/\/schema.org","@graph":[{"@type":"WebPage","@id":"https:\/\/lynxtech.com\/pt-br\/politica-de-protecao-de-dados-pessoais\/","url":"https:\/\/lynxtech.com\/pt-br\/politica-de-protecao-de-dados-pessoais\/","name":"Pol\u00edtica de Privacidade | Lynx","isPartOf":{"@id":"\/#website"},"datePublished":"2026-01-27T13:34:21+00:00","dateModified":"2026-04-14T13:28:32+00:00","description":"Consulte a pol\u00edtica de privacidade da Lynx e saiba como tratamos os seus dados pessoais em conformidade com a LGPD.","breadcrumb":{"@id":"https:\/\/lynxtech.com\/pt-br\/politica-de-protecao-de-dados-pessoais\/#breadcrumb"},"inLanguage":"pt-BR","potentialAction":[{"@type":"ReadAction","target":["https:\/\/lynxtech.com\/pt-br\/politica-de-protecao-de-dados-pessoais\/"]}]},{"@type":"BreadcrumbList","@id":"https:\/\/lynxtech.com\/pt-br\/politica-de-protecao-de-dados-pessoais\/#breadcrumb","itemListElement":[{"@type":"ListItem","position":1,"name":"Home","item":"https:\/\/lynxtech.com\/pt-br\/"},{"@type":"ListItem","position":2,"name":"Pol\u00edtica de prote\u00e7\u00e3o de dados pessoais"}]},{"@type":"WebSite","@id":"\/#website","url":"\/","name":"Lynxtech","description":"","publisher":{"@id":"\/#organization"},"potentialAction":[{"@type":"SearchAction","target":{"@type":"EntryPoint","urlTemplate":"\/?s={search_term_string}"},"query-input":{"@type":"PropertyValueSpecification","valueRequired":true,"valueName":"search_term_string"}}],"inLanguage":"pt-BR"},{"@type":"Organization","@id":"\/#organization","name":"Lynx","url":"\/","logo":{"@type":"ImageObject","inLanguage":"pt-BR","@id":"\/#\/schema\/logo\/image\/","url":"https:\/\/lynxtech.com\/wp-content\/uploads\/2026\/01\/logo-lynxtech-black-header.svg","contentUrl":"https:\/\/lynxtech.com\/wp-content\/uploads\/2026\/01\/logo-lynxtech-black-header.svg","width":1,"height":1,"caption":"Lynx"},"image":{"@id":"\/#\/schema\/logo\/image\/"}}]}},"spectra_custom_meta":{"_edit_lock":["1776173315:16"],"_wpml_word_count":["826"],"_edit_last":["16"],"_lynx_hide_title":["0"],"_wp_page_template":["default"],"_last_translation_edit_mode":["native-editor"],"_yoast_wpseo_content_score":["30"],"_yoast_wpseo_estimated-reading-time-minutes":["3"],"_yoast_wpseo_title":["Pol\u00edtica de Privacidade | Lynx"],"_yoast_wpseo_metadesc":["Consulte a pol\u00edtica de privacidade da Lynx e saiba como tratamos os seus dados pessoais em conformidade com a LGPD."],"_uag_css_file_name":["uag-css-2512.css"],"_uag_page_assets":["a:9:{s:3:\"css\";s:263:\".uag-blocks-common-selector{z-index:var(--z-index-desktop) !important}@media (max-width: 976px){.uag-blocks-common-selector{z-index:var(--z-index-tablet) !important}}@media (max-width: 767px){.uag-blocks-common-selector{z-index:var(--z-index-mobile) !important}}\n\";s:2:\"js\";s:0:\"\";s:18:\"current_block_list\";a:4:{i:0;s:12:\"core\/heading\";i:1;s:14:\"core\/paragraph\";i:2;s:9:\"core\/list\";i:3;s:14:\"core\/list-item\";}s:8:\"uag_flag\";b:0;s:11:\"uag_version\";s:10:\"1776215576\";s:6:\"gfonts\";a:0:{}s:10:\"gfonts_url\";s:0:\"\";s:12:\"gfonts_files\";a:0:{}s:14:\"uag_faq_layout\";b:0;}"]},"uagb_featured_image_src":{"full":false,"thumbnail":false,"medium":false,"medium_large":false,"large":false,"1536x1536":false,"2048x2048":false},"uagb_author_info":{"display_name":"davidsanchez","author_link":"https:\/\/lynxtech.com\/pt-br\/resources\/author\/davidsanchez\/"},"uagb_comment_info":0,"uagb_excerpt":"Controlador de dados Responsable del Tratamiento de Datos: \u2013&nbsp;Identidade:&nbsp;Lynx Financial Crime Tech, S.A.&nbsp; \u2013 Escrit\u00f3rio registrado:&nbsp;Avda. de Cantabria, s\/n, 28660 Boadilla del Monte, Madri. \u2013&nbsp;Contato do respons\u00e1vel pela prote\u00e7\u00e3o de dados:&nbsp;privacy@lynxtech.com \u2013 Finalidade e base legal:&nbsp;Seus dados pessoais ser\u00e3o processados para gerenciar os servi\u00e7os espec\u00edficos que voc\u00ea solicitar ou para cumprir obriga\u00e7\u00f5es legais. A base&hellip;","_links":{"self":[{"href":"https:\/\/lynxtech.com\/pt-br\/wp-json\/wp\/v2\/pages\/2512","targetHints":{"allow":["GET"]}}],"collection":[{"href":"https:\/\/lynxtech.com\/pt-br\/wp-json\/wp\/v2\/pages"}],"about":[{"href":"https:\/\/lynxtech.com\/pt-br\/wp-json\/wp\/v2\/types\/page"}],"author":[{"embeddable":true,"href":"https:\/\/lynxtech.com\/pt-br\/wp-json\/wp\/v2\/users\/1"}],"replies":[{"embeddable":true,"href":"https:\/\/lynxtech.com\/pt-br\/wp-json\/wp\/v2\/comments?post=2512"}],"version-history":[{"count":1,"href":"https:\/\/lynxtech.com\/pt-br\/wp-json\/wp\/v2\/pages\/2512\/revisions"}],"predecessor-version":[{"id":2513,"href":"https:\/\/lynxtech.com\/pt-br\/wp-json\/wp\/v2\/pages\/2512\/revisions\/2513"}],"wp:attachment":[{"href":"https:\/\/lynxtech.com\/pt-br\/wp-json\/wp\/v2\/media?parent=2512"}],"curies":[{"name":"wp","href":"https:\/\/api.w.org\/{rel}","templated":true}]}}