{"id":3093,"date":"2026-01-28T09:03:57","date_gmt":"2026-01-28T08:03:57","guid":{"rendered":"https:\/\/lynxtech-prod.mrmilu.com\/recursos\/"},"modified":"2026-04-14T15:25:31","modified_gmt":"2026-04-14T13:25:31","slug":"recursos","status":"publish","type":"page","link":"https:\/\/lynxtech.com\/pt-br\/recursos\/","title":{"rendered":"Recursos"},"content":{"rendered":"","protected":false},"excerpt":{"rendered":"","protected":false},"author":1,"featured_media":0,"parent":0,"menu_order":0,"comment_status":"closed","ping_status":"closed","template":"","meta":{"_acf_changed":false,"_uag_custom_page_level_css":"","footnotes":""},"class_list":["post-3093","page","type-page","status-publish","hentry"],"acf":[],"yoast_head":"<!-- This site is optimized with the Yoast SEO plugin v27.3 - https:\/\/yoast.com\/product\/yoast-seo-wordpress\/ -->\n<title>Recursos | Fraude Financeiro e AML | Lynx<\/title>\n<meta name=\"description\" content=\"Guias, estudos de caso e artigos especializados sobre preven\u00e7\u00e3o de fraudes, AML e contas laranja para profissionais do setor banc\u00e1rio.\" \/>\n<meta name=\"robots\" content=\"index, follow, max-snippet:-1, max-image-preview:large, max-video-preview:-1\" \/>\n<link rel=\"canonical\" href=\"https:\/\/lynxtech.com\/pt-br\/recursos\/\" \/>\n<meta property=\"og:locale\" content=\"pt_BR\" \/>\n<meta property=\"og:type\" content=\"article\" \/>\n<meta property=\"og:title\" content=\"Recursos | Fraude Financeiro e AML | Lynx\" \/>\n<meta property=\"og:description\" content=\"Guias, estudos de caso e artigos especializados sobre preven\u00e7\u00e3o de fraudes, AML e contas laranja para profissionais do setor banc\u00e1rio.\" \/>\n<meta property=\"og:url\" content=\"https:\/\/lynxtech.com\/pt-br\/recursos\/\" \/>\n<meta property=\"og:site_name\" content=\"Lynxtech\" \/>\n<meta property=\"article:modified_time\" content=\"2026-04-14T13:25:31+00:00\" \/>\n<meta name=\"twitter:card\" content=\"summary_large_image\" \/>\n<script type=\"application\/ld+json\" class=\"yoast-schema-graph\">{\"@context\":\"https:\\\/\\\/schema.org\",\"@graph\":[{\"@type\":\"WebPage\",\"@id\":\"https:\\\/\\\/lynxtech.com\\\/pt-br\\\/recursos\\\/\",\"url\":\"https:\\\/\\\/lynxtech.com\\\/pt-br\\\/recursos\\\/\",\"name\":\"Recursos | Fraude Financeiro e AML | Lynx\",\"isPartOf\":{\"@id\":\"\\\/#website\"},\"datePublished\":\"2026-01-28T08:03:57+00:00\",\"dateModified\":\"2026-04-14T13:25:31+00:00\",\"description\":\"Guias, estudos de caso e artigos especializados sobre preven\u00e7\u00e3o de fraudes, AML e contas laranja para profissionais do setor banc\u00e1rio.\",\"breadcrumb\":{\"@id\":\"https:\\\/\\\/lynxtech.com\\\/pt-br\\\/recursos\\\/#breadcrumb\"},\"inLanguage\":\"pt-BR\",\"potentialAction\":[{\"@type\":\"ReadAction\",\"target\":[\"https:\\\/\\\/lynxtech.com\\\/pt-br\\\/recursos\\\/\"]}]},{\"@type\":\"BreadcrumbList\",\"@id\":\"https:\\\/\\\/lynxtech.com\\\/pt-br\\\/recursos\\\/#breadcrumb\",\"itemListElement\":[{\"@type\":\"ListItem\",\"position\":1,\"name\":\"Home\",\"item\":\"https:\\\/\\\/lynxtech.com\\\/pt-br\\\/\"},{\"@type\":\"ListItem\",\"position\":2,\"name\":\"Recursos\"}]},{\"@type\":\"WebSite\",\"@id\":\"\\\/#website\",\"url\":\"\\\/\",\"name\":\"Lynxtech\",\"description\":\"\",\"publisher\":{\"@id\":\"\\\/#organization\"},\"potentialAction\":[{\"@type\":\"SearchAction\",\"target\":{\"@type\":\"EntryPoint\",\"urlTemplate\":\"\\\/?s={search_term_string}\"},\"query-input\":{\"@type\":\"PropertyValueSpecification\",\"valueRequired\":true,\"valueName\":\"search_term_string\"}}],\"inLanguage\":\"pt-BR\"},{\"@type\":\"Organization\",\"@id\":\"\\\/#organization\",\"name\":\"Lynx\",\"url\":\"\\\/\",\"logo\":{\"@type\":\"ImageObject\",\"inLanguage\":\"pt-BR\",\"@id\":\"\\\/#\\\/schema\\\/logo\\\/image\\\/\",\"url\":\"https:\\\/\\\/lynxtech.com\\\/wp-content\\\/uploads\\\/2026\\\/01\\\/logo-lynxtech-black-header.svg\",\"contentUrl\":\"https:\\\/\\\/lynxtech.com\\\/wp-content\\\/uploads\\\/2026\\\/01\\\/logo-lynxtech-black-header.svg\",\"width\":1,\"height\":1,\"caption\":\"Lynx\"},\"image\":{\"@id\":\"\\\/#\\\/schema\\\/logo\\\/image\\\/\"}}]}<\/script>\n<!-- \/ Yoast SEO plugin. -->","yoast_head_json":{"title":"Recursos | Fraude Financeiro e AML | Lynx","description":"Guias, estudos de caso e artigos especializados sobre preven\u00e7\u00e3o de fraudes, AML e contas laranja para profissionais do setor banc\u00e1rio.","robots":{"index":"index","follow":"follow","max-snippet":"max-snippet:-1","max-image-preview":"max-image-preview:large","max-video-preview":"max-video-preview:-1"},"canonical":"https:\/\/lynxtech.com\/pt-br\/recursos\/","og_locale":"pt_BR","og_type":"article","og_title":"Recursos | Fraude Financeiro e AML | Lynx","og_description":"Guias, estudos de caso e artigos especializados sobre preven\u00e7\u00e3o de fraudes, AML e contas laranja para profissionais do setor banc\u00e1rio.","og_url":"https:\/\/lynxtech.com\/pt-br\/recursos\/","og_site_name":"Lynxtech","article_modified_time":"2026-04-14T13:25:31+00:00","twitter_card":"summary_large_image","schema":{"@context":"https:\/\/schema.org","@graph":[{"@type":"WebPage","@id":"https:\/\/lynxtech.com\/pt-br\/recursos\/","url":"https:\/\/lynxtech.com\/pt-br\/recursos\/","name":"Recursos | Fraude Financeiro e AML | Lynx","isPartOf":{"@id":"\/#website"},"datePublished":"2026-01-28T08:03:57+00:00","dateModified":"2026-04-14T13:25:31+00:00","description":"Guias, estudos de caso e artigos especializados sobre preven\u00e7\u00e3o de fraudes, AML e contas laranja para profissionais do setor banc\u00e1rio.","breadcrumb":{"@id":"https:\/\/lynxtech.com\/pt-br\/recursos\/#breadcrumb"},"inLanguage":"pt-BR","potentialAction":[{"@type":"ReadAction","target":["https:\/\/lynxtech.com\/pt-br\/recursos\/"]}]},{"@type":"BreadcrumbList","@id":"https:\/\/lynxtech.com\/pt-br\/recursos\/#breadcrumb","itemListElement":[{"@type":"ListItem","position":1,"name":"Home","item":"https:\/\/lynxtech.com\/pt-br\/"},{"@type":"ListItem","position":2,"name":"Recursos"}]},{"@type":"WebSite","@id":"\/#website","url":"\/","name":"Lynxtech","description":"","publisher":{"@id":"\/#organization"},"potentialAction":[{"@type":"SearchAction","target":{"@type":"EntryPoint","urlTemplate":"\/?s={search_term_string}"},"query-input":{"@type":"PropertyValueSpecification","valueRequired":true,"valueName":"search_term_string"}}],"inLanguage":"pt-BR"},{"@type":"Organization","@id":"\/#organization","name":"Lynx","url":"\/","logo":{"@type":"ImageObject","inLanguage":"pt-BR","@id":"\/#\/schema\/logo\/image\/","url":"https:\/\/lynxtech.com\/wp-content\/uploads\/2026\/01\/logo-lynxtech-black-header.svg","contentUrl":"https:\/\/lynxtech.com\/wp-content\/uploads\/2026\/01\/logo-lynxtech-black-header.svg","width":1,"height":1,"caption":"Lynx"},"image":{"@id":"\/#\/schema\/logo\/image\/"}}]}},"spectra_custom_meta":{"_last_translation_edit_mode":["native-editor"],"_top_nav_excluded":[""],"_cms_nav_minihome":[""],"_wpml_word_count":["2"],"_wp_page_template":[""],"_edit_lock":["1776173133:16"],"_edit_last":["16"],"_lynx_hide_title":["0"],"_yoast_wpseo_title":["Recursos | Fraude Financeiro e AML | Lynx"],"_yoast_wpseo_metadesc":["Guias, estudos de caso e artigos especializados sobre preven\u00e7\u00e3o de fraudes, AML e contas laranja para profissionais do setor banc\u00e1rio."],"_yoast_wpseo_content_score":["90"],"_yoast_wpseo_estimated-reading-time-minutes":["0"],"_uag_page_assets":["a:9:{s:3:\"css\";s:0:\"\";s:2:\"js\";s:0:\"\";s:18:\"current_block_list\";a:0:{}s:8:\"uag_flag\";b:0;s:11:\"uag_version\";s:10:\"1776226669\";s:6:\"gfonts\";a:0:{}s:10:\"gfonts_url\";s:0:\"\";s:12:\"gfonts_files\";a:0:{}s:14:\"uag_faq_layout\";b:0;}"]},"uagb_featured_image_src":{"full":false,"thumbnail":false,"medium":false,"medium_large":false,"large":false,"1536x1536":false,"2048x2048":false},"uagb_author_info":{"display_name":"davidsanchez","author_link":"https:\/\/lynxtech.com\/pt-br\/resources\/author\/davidsanchez\/"},"uagb_comment_info":0,"uagb_excerpt":null,"_links":{"self":[{"href":"https:\/\/lynxtech.com\/pt-br\/wp-json\/wp\/v2\/pages\/3093","targetHints":{"allow":["GET"]}}],"collection":[{"href":"https:\/\/lynxtech.com\/pt-br\/wp-json\/wp\/v2\/pages"}],"about":[{"href":"https:\/\/lynxtech.com\/pt-br\/wp-json\/wp\/v2\/types\/page"}],"author":[{"embeddable":true,"href":"https:\/\/lynxtech.com\/pt-br\/wp-json\/wp\/v2\/users\/1"}],"replies":[{"embeddable":true,"href":"https:\/\/lynxtech.com\/pt-br\/wp-json\/wp\/v2\/comments?post=3093"}],"version-history":[{"count":1,"href":"https:\/\/lynxtech.com\/pt-br\/wp-json\/wp\/v2\/pages\/3093\/revisions"}],"predecessor-version":[{"id":3916,"href":"https:\/\/lynxtech.com\/pt-br\/wp-json\/wp\/v2\/pages\/3093\/revisions\/3916"}],"wp:attachment":[{"href":"https:\/\/lynxtech.com\/pt-br\/wp-json\/wp\/v2\/media?parent=3093"}],"curies":[{"name":"wp","href":"https:\/\/api.w.org\/{rel}","templated":true}]}}