{"id":3472,"date":"2026-02-11T15:49:21","date_gmt":"2026-02-11T14:49:21","guid":{"rendered":"https:\/\/lynxtech-prod.mrmilu.com\/noticias-de-empresa\/"},"modified":"2026-04-14T15:22:49","modified_gmt":"2026-04-14T13:22:49","slug":"noticias-de-empresa","status":"publish","type":"page","link":"https:\/\/lynxtech.com\/pt-br\/noticias-de-empresa\/","title":{"rendered":"Not\u00edcias de empresa"},"content":{"rendered":"\n<div class=\"wp-block-group alignfull is-layout-constrained wp-block-group-is-layout-constrained has-background\" style=\"padding-top:80px;padding-bottom:80px;background-image:url(&apos;https:\/\/lynxtech.com\/wp-content\/uploads\/2026\/02\/data-block-background-orange.webp&apos;);background-size:cover;\">\n<h1 class=\"wp-block-heading has-secondary-color has-text-color has-link-color wp-elements-99549415abc27a9d322750457f977314\">Not\u00edcias da empresa<\/h1>\n<\/div>\n","protected":false},"excerpt":{"rendered":"<p>Not\u00edcias da empresa<\/p>\n","protected":false},"author":1,"featured_media":0,"parent":0,"menu_order":0,"comment_status":"closed","ping_status":"closed","template":"","meta":{"_acf_changed":false,"_uag_custom_page_level_css":"","footnotes":""},"class_list":["post-3472","page","type-page","status-publish","hentry"],"acf":[],"yoast_head":"<!-- This site is optimized with the Yoast SEO plugin v27.3 - https:\/\/yoast.com\/product\/yoast-seo-wordpress\/ -->\n<title>Not\u00edcias | Lynx<\/title>\n<meta name=\"description\" content=\"Acompanhe as \u00faltimas novidades da Lynx: lan\u00e7amentos, parcerias e atualiza\u00e7\u00f5es sobre tecnologia de preven\u00e7\u00e3o de fraudes financeiras.\" \/>\n<meta name=\"robots\" content=\"index, follow, max-snippet:-1, max-image-preview:large, max-video-preview:-1\" \/>\n<link rel=\"canonical\" href=\"https:\/\/lynxtech.com\/pt-br\/noticias-de-empresa\/\" \/>\n<meta property=\"og:locale\" content=\"pt_BR\" \/>\n<meta property=\"og:type\" content=\"article\" \/>\n<meta property=\"og:title\" content=\"Not\u00edcias | Lynx\" \/>\n<meta property=\"og:description\" content=\"Acompanhe as \u00faltimas novidades da Lynx: lan\u00e7amentos, parcerias e atualiza\u00e7\u00f5es sobre tecnologia de preven\u00e7\u00e3o de fraudes financeiras.\" \/>\n<meta property=\"og:url\" content=\"https:\/\/lynxtech.com\/pt-br\/noticias-de-empresa\/\" \/>\n<meta property=\"og:site_name\" content=\"Lynxtech\" \/>\n<meta property=\"article:modified_time\" content=\"2026-04-14T13:22:49+00:00\" \/>\n<meta name=\"twitter:card\" content=\"summary_large_image\" \/>\n<meta name=\"twitter:label1\" content=\"Est. tempo de leitura\" \/>\n\t<meta name=\"twitter:data1\" content=\"1 minuto\" \/>\n<script type=\"application\/ld+json\" class=\"yoast-schema-graph\">{\"@context\":\"https:\\\/\\\/schema.org\",\"@graph\":[{\"@type\":\"WebPage\",\"@id\":\"https:\\\/\\\/lynxtech.com\\\/pt-br\\\/noticias-de-empresa\\\/\",\"url\":\"https:\\\/\\\/lynxtech.com\\\/pt-br\\\/noticias-de-empresa\\\/\",\"name\":\"Not\u00edcias | Lynx\",\"isPartOf\":{\"@id\":\"\\\/#website\"},\"datePublished\":\"2026-02-11T14:49:21+00:00\",\"dateModified\":\"2026-04-14T13:22:49+00:00\",\"description\":\"Acompanhe as \u00faltimas novidades da Lynx: lan\u00e7amentos, parcerias e atualiza\u00e7\u00f5es sobre tecnologia de preven\u00e7\u00e3o de fraudes financeiras.\",\"breadcrumb\":{\"@id\":\"https:\\\/\\\/lynxtech.com\\\/pt-br\\\/noticias-de-empresa\\\/#breadcrumb\"},\"inLanguage\":\"pt-BR\",\"potentialAction\":[{\"@type\":\"ReadAction\",\"target\":[\"https:\\\/\\\/lynxtech.com\\\/pt-br\\\/noticias-de-empresa\\\/\"]}]},{\"@type\":\"BreadcrumbList\",\"@id\":\"https:\\\/\\\/lynxtech.com\\\/pt-br\\\/noticias-de-empresa\\\/#breadcrumb\",\"itemListElement\":[{\"@type\":\"ListItem\",\"position\":1,\"name\":\"Home\",\"item\":\"https:\\\/\\\/lynxtech.com\\\/pt-br\\\/\"},{\"@type\":\"ListItem\",\"position\":2,\"name\":\"Not\u00edcias de empresa\"}]},{\"@type\":\"WebSite\",\"@id\":\"\\\/#website\",\"url\":\"\\\/\",\"name\":\"Lynxtech\",\"description\":\"\",\"publisher\":{\"@id\":\"\\\/#organization\"},\"potentialAction\":[{\"@type\":\"SearchAction\",\"target\":{\"@type\":\"EntryPoint\",\"urlTemplate\":\"\\\/?s={search_term_string}\"},\"query-input\":{\"@type\":\"PropertyValueSpecification\",\"valueRequired\":true,\"valueName\":\"search_term_string\"}}],\"inLanguage\":\"pt-BR\"},{\"@type\":\"Organization\",\"@id\":\"\\\/#organization\",\"name\":\"Lynx\",\"url\":\"\\\/\",\"logo\":{\"@type\":\"ImageObject\",\"inLanguage\":\"pt-BR\",\"@id\":\"\\\/#\\\/schema\\\/logo\\\/image\\\/\",\"url\":\"https:\\\/\\\/lynxtech.com\\\/wp-content\\\/uploads\\\/2026\\\/01\\\/logo-lynxtech-black-header.svg\",\"contentUrl\":\"https:\\\/\\\/lynxtech.com\\\/wp-content\\\/uploads\\\/2026\\\/01\\\/logo-lynxtech-black-header.svg\",\"width\":1,\"height\":1,\"caption\":\"Lynx\"},\"image\":{\"@id\":\"\\\/#\\\/schema\\\/logo\\\/image\\\/\"}}]}<\/script>\n<!-- \/ Yoast SEO plugin. -->","yoast_head_json":{"title":"Not\u00edcias | Lynx","description":"Acompanhe as \u00faltimas novidades da Lynx: lan\u00e7amentos, parcerias e atualiza\u00e7\u00f5es sobre tecnologia de preven\u00e7\u00e3o de fraudes financeiras.","robots":{"index":"index","follow":"follow","max-snippet":"max-snippet:-1","max-image-preview":"max-image-preview:large","max-video-preview":"max-video-preview:-1"},"canonical":"https:\/\/lynxtech.com\/pt-br\/noticias-de-empresa\/","og_locale":"pt_BR","og_type":"article","og_title":"Not\u00edcias | Lynx","og_description":"Acompanhe as \u00faltimas novidades da Lynx: lan\u00e7amentos, parcerias e atualiza\u00e7\u00f5es sobre tecnologia de preven\u00e7\u00e3o de fraudes financeiras.","og_url":"https:\/\/lynxtech.com\/pt-br\/noticias-de-empresa\/","og_site_name":"Lynxtech","article_modified_time":"2026-04-14T13:22:49+00:00","twitter_card":"summary_large_image","twitter_misc":{"Est. tempo de leitura":"1 minuto"},"schema":{"@context":"https:\/\/schema.org","@graph":[{"@type":"WebPage","@id":"https:\/\/lynxtech.com\/pt-br\/noticias-de-empresa\/","url":"https:\/\/lynxtech.com\/pt-br\/noticias-de-empresa\/","name":"Not\u00edcias | Lynx","isPartOf":{"@id":"\/#website"},"datePublished":"2026-02-11T14:49:21+00:00","dateModified":"2026-04-14T13:22:49+00:00","description":"Acompanhe as \u00faltimas novidades da Lynx: lan\u00e7amentos, parcerias e atualiza\u00e7\u00f5es sobre tecnologia de preven\u00e7\u00e3o de fraudes financeiras.","breadcrumb":{"@id":"https:\/\/lynxtech.com\/pt-br\/noticias-de-empresa\/#breadcrumb"},"inLanguage":"pt-BR","potentialAction":[{"@type":"ReadAction","target":["https:\/\/lynxtech.com\/pt-br\/noticias-de-empresa\/"]}]},{"@type":"BreadcrumbList","@id":"https:\/\/lynxtech.com\/pt-br\/noticias-de-empresa\/#breadcrumb","itemListElement":[{"@type":"ListItem","position":1,"name":"Home","item":"https:\/\/lynxtech.com\/pt-br\/"},{"@type":"ListItem","position":2,"name":"Not\u00edcias de empresa"}]},{"@type":"WebSite","@id":"\/#website","url":"\/","name":"Lynxtech","description":"","publisher":{"@id":"\/#organization"},"potentialAction":[{"@type":"SearchAction","target":{"@type":"EntryPoint","urlTemplate":"\/?s={search_term_string}"},"query-input":{"@type":"PropertyValueSpecification","valueRequired":true,"valueName":"search_term_string"}}],"inLanguage":"pt-BR"},{"@type":"Organization","@id":"\/#organization","name":"Lynx","url":"\/","logo":{"@type":"ImageObject","inLanguage":"pt-BR","@id":"\/#\/schema\/logo\/image\/","url":"https:\/\/lynxtech.com\/wp-content\/uploads\/2026\/01\/logo-lynxtech-black-header.svg","contentUrl":"https:\/\/lynxtech.com\/wp-content\/uploads\/2026\/01\/logo-lynxtech-black-header.svg","width":1,"height":1,"caption":"Lynx"},"image":{"@id":"\/#\/schema\/logo\/image\/"}}]}},"spectra_custom_meta":{"_last_translation_edit_mode":["native-editor"],"_top_nav_excluded":[""],"_cms_nav_minihome":[""],"_wpml_word_count":["7"],"_wp_page_template":[""],"_edit_lock":["1776172971:16"],"_edit_last":["16"],"_lynx_hide_title":["0"],"_yoast_wpseo_title":["Not\u00edcias | Lynx"],"_yoast_wpseo_metadesc":["Acompanhe as \u00faltimas novidades da Lynx: lan\u00e7amentos, parcerias e atualiza\u00e7\u00f5es sobre tecnologia de preven\u00e7\u00e3o de fraudes financeiras."],"_yoast_wpseo_content_score":["90"],"_yoast_wpseo_estimated-reading-time-minutes":["1"],"_uag_css_file_name":["uag-css-3472.css"],"_uag_page_assets":["a:9:{s:3:\"css\";s:263:\".uag-blocks-common-selector{z-index:var(--z-index-desktop) !important}@media (max-width: 976px){.uag-blocks-common-selector{z-index:var(--z-index-tablet) !important}}@media (max-width: 767px){.uag-blocks-common-selector{z-index:var(--z-index-mobile) !important}}\n\";s:2:\"js\";s:0:\"\";s:18:\"current_block_list\";a:2:{i:0;s:10:\"core\/group\";i:1;s:12:\"core\/heading\";}s:8:\"uag_flag\";b:0;s:11:\"uag_version\";s:10:\"1776217283\";s:6:\"gfonts\";a:0:{}s:10:\"gfonts_url\";s:0:\"\";s:12:\"gfonts_files\";a:0:{}s:14:\"uag_faq_layout\";b:0;}"]},"uagb_featured_image_src":{"full":false,"thumbnail":false,"medium":false,"medium_large":false,"large":false,"1536x1536":false,"2048x2048":false},"uagb_author_info":{"display_name":"davidsanchez","author_link":"https:\/\/lynxtech.com\/pt-br\/resources\/author\/davidsanchez\/"},"uagb_comment_info":0,"uagb_excerpt":"Not\u00edcias da empresa","_links":{"self":[{"href":"https:\/\/lynxtech.com\/pt-br\/wp-json\/wp\/v2\/pages\/3472","targetHints":{"allow":["GET"]}}],"collection":[{"href":"https:\/\/lynxtech.com\/pt-br\/wp-json\/wp\/v2\/pages"}],"about":[{"href":"https:\/\/lynxtech.com\/pt-br\/wp-json\/wp\/v2\/types\/page"}],"author":[{"embeddable":true,"href":"https:\/\/lynxtech.com\/pt-br\/wp-json\/wp\/v2\/users\/1"}],"replies":[{"embeddable":true,"href":"https:\/\/lynxtech.com\/pt-br\/wp-json\/wp\/v2\/comments?post=3472"}],"version-history":[{"count":1,"href":"https:\/\/lynxtech.com\/pt-br\/wp-json\/wp\/v2\/pages\/3472\/revisions"}],"predecessor-version":[{"id":3473,"href":"https:\/\/lynxtech.com\/pt-br\/wp-json\/wp\/v2\/pages\/3472\/revisions\/3473"}],"wp:attachment":[{"href":"https:\/\/lynxtech.com\/pt-br\/wp-json\/wp\/v2\/media?parent=3472"}],"curies":[{"name":"wp","href":"https:\/\/api.w.org\/{rel}","templated":true}]}}